{"id":641,"date":"2024-06-12T05:14:43","date_gmt":"2024-06-12T05:14:43","guid":{"rendered":"https:\/\/fettabscheider.tech\/?post_type=product&#038;p=641"},"modified":"2024-12-09T10:51:08","modified_gmt":"2024-12-09T10:51:08","slug":"frypowder-15l","status":"publish","type":"product","link":"https:\/\/fettabscheider.tech\/en\/product\/frypowder-15l\/","title":{"rendered":"Frypowder 15L"},"content":{"rendered":"<p>95 Portionspackungen f\u00fcr 25-Liter-Fritteusen<br \/>\n150 Portionspackungen f\u00fcr 15-Liter-Fritteusen<\/p>\n<p>Frypowder uses only natural ingredients and ensures better quality of fried foods.<\/p>\n<p>Es ist sehr einfach zu verwenden. Geben Sie einfach Frypowder alle 6 bis 8 Stunden in das hei\u00dfe Frittier\u00f6l.<\/p>\n<p>Frypowder is manufactured in the USA by MirOil, a company that has been a leader in deep-frying research for over 30 years. Frypowder is manufactured by <em>USDA Food and Drug Authority<\/em> zugelassen.<\/p>\n<p><strong>VORTEILE<\/strong><\/p>\n<ul>:<\/p>\n<li>Bis zu <strong>50% Einsparung von Frittier\u00f6l<\/strong><\/li>\n<li>A 10 to 20 \u00b0C lower temperature when frying<\/li>\n<li>Frypowder <strong>beseitigt schlechten Geschmack und unangenehme Ger\u00fcche<\/strong><\/li>\n<li>Eine <strong>sauberere Fritteuse<\/strong>, die ohne Chemikalien gereinigt werden kann.<\/li>\n<\/ul>","protected":false},"excerpt":{"rendered":"<p>MirOil Frypowder is a natural stabilizer and antioxidant as an additive for frying oil. It <strong>saves up to 50% frying oil, <\/strong>because it doubles the life of the oil. Your food cooks faster, looks better and tastes better. Frypowder is also a filter aid that allows for improved filtration of the frying oil. Frypowder is a must for all restaurants, snack bars and food businesses. Save on oil and energy costs and cook healthily at the same time!<br \/>\n<a class=\"tab-description\" href=\"#tab-description\">Learn more<\/a><\/p>","protected":false},"featured_media":643,"template":"","meta":{"_acf_changed":false},"product_cat":[41],"product_tag":[],"class_list":{"0":"post-641","1":"product","2":"type-product","3":"status-publish","4":"has-post-thumbnail","6":"product_cat-frittieroel-sparen","7":"product_shipping_class-frypowder-5","9":"entry","10":"has-media","12":"first","13":"instock","14":"taxable","15":"shipping-taxable","16":"purchasable","17":"product-type-simple","18":"has-product-nav","19":"col","20":"span_1_of_4","21":"owp-content-center","22":"owp-thumbs-layout-horizontal","23":"owp-btn-normal","24":"owp-tabs-layout-horizontal"},"acf":[],"yoast_head":"<!-- This site is optimized with the Yoast SEO plugin v25.0 - https:\/\/yoast.com\/wordpress\/plugins\/seo\/ -->\n<title>Frypowder 15L - Development Durable<\/title>\n<meta name=\"robots\" content=\"index, follow, max-snippet:-1, max-image-preview:large, max-video-preview:-1\" \/>\n<link rel=\"canonical\" href=\"https:\/\/fettabscheider.tech\/en\/product\/frypowder-15l\/\" \/>\n<meta property=\"og:locale\" content=\"en_US\" \/>\n<meta property=\"og:type\" content=\"article\" \/>\n<meta property=\"og:title\" content=\"Frypowder 15L - Development Durable\" \/>\n<meta property=\"og:description\" content=\"MirOil Frypowder ist ein nat\u00fcrlicher Stabilisator und Antioxidationsmittel als Zugabe f\u00fcr Frittier\u00f6l. Es spart bis zu 50% Frittier\u00f6l, da es die Lebensdauer des \u00d6ls verdoppelt. Ihr Essen kocht schneller, sieht besser aus und schmeckt besser. Frypowder ist auch ein in Filterhilfsmittel, das eine verbesserte Filtration des Frittier\u00f6ls erm\u00f6glicht. Frypowder ist ein Muss f\u00fcr alle Restaurants, Imbisse und Lebensmittelbetriebe. Sparen Sie \u00d6l- und Energiekosten und kochen Sie gleichzeitig gesund! Mehr erfahren\" \/>\n<meta property=\"og:url\" content=\"https:\/\/fettabscheider.tech\/en\/product\/frypowder-15l\/\" \/>\n<meta property=\"og:site_name\" content=\"Development Durable\" \/>\n<meta property=\"article:modified_time\" content=\"2024-12-09T10:51:08+00:00\" \/>\n<meta property=\"og:image\" content=\"https:\/\/fettabscheider.tech\/wp-content\/uploads\/2024\/06\/frypowder1.jpg\" \/>\n\t<meta property=\"og:image:width\" content=\"545\" \/>\n\t<meta property=\"og:image:height\" content=\"545\" \/>\n\t<meta property=\"og:image:type\" content=\"image\/jpeg\" \/>\n<meta name=\"twitter:card\" content=\"summary_large_image\" \/>\n<meta name=\"twitter:label1\" content=\"Est. reading time\" \/>\n\t<meta name=\"twitter:data1\" content=\"1 minute\" \/>\n<script type=\"application\/ld+json\" class=\"yoast-schema-graph\">{\"@context\":\"https:\/\/schema.org\",\"@graph\":[{\"@type\":\"WebPage\",\"@id\":\"https:\/\/fettabscheider.tech\/product\/frypowder-15l\/\",\"url\":\"https:\/\/fettabscheider.tech\/product\/frypowder-15l\/\",\"name\":\"Frypowder 15L - Development Durable\",\"isPartOf\":{\"@id\":\"https:\/\/fettabscheider.tech\/#website\"},\"primaryImageOfPage\":{\"@id\":\"https:\/\/fettabscheider.tech\/product\/frypowder-15l\/#primaryimage\"},\"image\":{\"@id\":\"https:\/\/fettabscheider.tech\/product\/frypowder-15l\/#primaryimage\"},\"thumbnailUrl\":\"https:\/\/fettabscheider.tech\/wp-content\/uploads\/2024\/06\/frypowder1.jpg\",\"datePublished\":\"2024-06-12T05:14:43+00:00\",\"dateModified\":\"2024-12-09T10:51:08+00:00\",\"breadcrumb\":{\"@id\":\"https:\/\/fettabscheider.tech\/product\/frypowder-15l\/#breadcrumb\"},\"inLanguage\":\"en-US\",\"potentialAction\":[{\"@type\":\"ReadAction\",\"target\":[\"https:\/\/fettabscheider.tech\/product\/frypowder-15l\/\"]}]},{\"@type\":\"ImageObject\",\"inLanguage\":\"en-US\",\"@id\":\"https:\/\/fettabscheider.tech\/product\/frypowder-15l\/#primaryimage\",\"url\":\"https:\/\/fettabscheider.tech\/wp-content\/uploads\/2024\/06\/frypowder1.jpg\",\"contentUrl\":\"https:\/\/fettabscheider.tech\/wp-content\/uploads\/2024\/06\/frypowder1.jpg\",\"width\":545,\"height\":545},{\"@type\":\"BreadcrumbList\",\"@id\":\"https:\/\/fettabscheider.tech\/product\/frypowder-15l\/#breadcrumb\",\"itemListElement\":[{\"@type\":\"ListItem\",\"position\":1,\"name\":\"Home\",\"item\":\"https:\/\/fettabscheider.tech\/\"},{\"@type\":\"ListItem\",\"position\":2,\"name\":\"Shop\",\"item\":\"https:\/\/fettabscheider.tech\/shop\/\"},{\"@type\":\"ListItem\",\"position\":3,\"name\":\"Frypowder 15L\"}]},{\"@type\":\"WebSite\",\"@id\":\"https:\/\/fettabscheider.tech\/#website\",\"url\":\"https:\/\/fettabscheider.tech\/\",\"name\":\"Development Durable\",\"description\":\"\",\"potentialAction\":[{\"@type\":\"SearchAction\",\"target\":{\"@type\":\"EntryPoint\",\"urlTemplate\":\"https:\/\/fettabscheider.tech\/?s={search_term_string}\"},\"query-input\":{\"@type\":\"PropertyValueSpecification\",\"valueRequired\":true,\"valueName\":\"search_term_string\"}}],\"inLanguage\":\"en-US\"}]}<\/script>\n<!-- \/ Yoast SEO plugin. -->","yoast_head_json":{"title":"Frypowder 15L - Development Durable","robots":{"index":"index","follow":"follow","max-snippet":"max-snippet:-1","max-image-preview":"max-image-preview:large","max-video-preview":"max-video-preview:-1"},"canonical":"https:\/\/fettabscheider.tech\/en\/product\/frypowder-15l\/","og_locale":"en_US","og_type":"article","og_title":"Frypowder 15L - Development Durable","og_description":"MirOil Frypowder ist ein nat\u00fcrlicher Stabilisator und Antioxidationsmittel als Zugabe f\u00fcr Frittier\u00f6l. Es spart bis zu 50% Frittier\u00f6l, da es die Lebensdauer des \u00d6ls verdoppelt. Ihr Essen kocht schneller, sieht besser aus und schmeckt besser. Frypowder ist auch ein in Filterhilfsmittel, das eine verbesserte Filtration des Frittier\u00f6ls erm\u00f6glicht. Frypowder ist ein Muss f\u00fcr alle Restaurants, Imbisse und Lebensmittelbetriebe. Sparen Sie \u00d6l- und Energiekosten und kochen Sie gleichzeitig gesund! Mehr erfahren","og_url":"https:\/\/fettabscheider.tech\/en\/product\/frypowder-15l\/","og_site_name":"Development Durable","article_modified_time":"2024-12-09T10:51:08+00:00","og_image":[{"width":545,"height":545,"url":"https:\/\/fettabscheider.tech\/wp-content\/uploads\/2024\/06\/frypowder1.jpg","type":"image\/jpeg"}],"twitter_card":"summary_large_image","twitter_misc":{"Est. reading time":"1 minute"},"schema":{"@context":"https:\/\/schema.org","@graph":[{"@type":"WebPage","@id":"https:\/\/fettabscheider.tech\/product\/frypowder-15l\/","url":"https:\/\/fettabscheider.tech\/product\/frypowder-15l\/","name":"Frypowder 15L - Development Durable","isPartOf":{"@id":"https:\/\/fettabscheider.tech\/#website"},"primaryImageOfPage":{"@id":"https:\/\/fettabscheider.tech\/product\/frypowder-15l\/#primaryimage"},"image":{"@id":"https:\/\/fettabscheider.tech\/product\/frypowder-15l\/#primaryimage"},"thumbnailUrl":"https:\/\/fettabscheider.tech\/wp-content\/uploads\/2024\/06\/frypowder1.jpg","datePublished":"2024-06-12T05:14:43+00:00","dateModified":"2024-12-09T10:51:08+00:00","breadcrumb":{"@id":"https:\/\/fettabscheider.tech\/product\/frypowder-15l\/#breadcrumb"},"inLanguage":"en-US","potentialAction":[{"@type":"ReadAction","target":["https:\/\/fettabscheider.tech\/product\/frypowder-15l\/"]}]},{"@type":"ImageObject","inLanguage":"en-US","@id":"https:\/\/fettabscheider.tech\/product\/frypowder-15l\/#primaryimage","url":"https:\/\/fettabscheider.tech\/wp-content\/uploads\/2024\/06\/frypowder1.jpg","contentUrl":"https:\/\/fettabscheider.tech\/wp-content\/uploads\/2024\/06\/frypowder1.jpg","width":545,"height":545},{"@type":"BreadcrumbList","@id":"https:\/\/fettabscheider.tech\/product\/frypowder-15l\/#breadcrumb","itemListElement":[{"@type":"ListItem","position":1,"name":"Home","item":"https:\/\/fettabscheider.tech\/"},{"@type":"ListItem","position":2,"name":"Shop","item":"https:\/\/fettabscheider.tech\/shop\/"},{"@type":"ListItem","position":3,"name":"Frypowder 15L"}]},{"@type":"WebSite","@id":"https:\/\/fettabscheider.tech\/#website","url":"https:\/\/fettabscheider.tech\/","name":"Development Durable","description":"","potentialAction":[{"@type":"SearchAction","target":{"@type":"EntryPoint","urlTemplate":"https:\/\/fettabscheider.tech\/?s={search_term_string}"},"query-input":{"@type":"PropertyValueSpecification","valueRequired":true,"valueName":"search_term_string"}}],"inLanguage":"en-US"}]}},"_links":{"self":[{"href":"https:\/\/fettabscheider.tech\/en\/wp-json\/wp\/v2\/product\/641","targetHints":{"allow":["GET"]}}],"collection":[{"href":"https:\/\/fettabscheider.tech\/en\/wp-json\/wp\/v2\/product"}],"about":[{"href":"https:\/\/fettabscheider.tech\/en\/wp-json\/wp\/v2\/types\/product"}],"wp:featuredmedia":[{"embeddable":true,"href":"https:\/\/fettabscheider.tech\/en\/wp-json\/wp\/v2\/media\/643"}],"wp:attachment":[{"href":"https:\/\/fettabscheider.tech\/en\/wp-json\/wp\/v2\/media?parent=641"}],"wp:term":[{"taxonomy":"product_cat","embeddable":true,"href":"https:\/\/fettabscheider.tech\/en\/wp-json\/wp\/v2\/product_cat?post=641"},{"taxonomy":"product_tag","embeddable":true,"href":"https:\/\/fettabscheider.tech\/en\/wp-json\/wp\/v2\/product_tag?post=641"}],"curies":[{"name":"wp","href":"https:\/\/api.w.org\/{rel}","templated":true}]}}