{"id":617,"date":"2024-05-24T09:42:19","date_gmt":"2024-05-24T09:42:19","guid":{"rendered":"https:\/\/fettabscheider.tech\/?post_type=product&#038;p=617"},"modified":"2024-12-09T10:50:05","modified_gmt":"2024-12-09T10:50:05","slug":"fryliquid-1l","status":"publish","type":"product","link":"https:\/\/fettabscheider.tech\/en\/product\/fryliquid-1l\/","title":{"rendered":"Fryliquid 1L"},"content":{"rendered":"<p class=\"translation-block\">Fryliquid uses only natural ingredients and ensures better quality of fried foods. The advantages are numerous: <strong>Oil-preserving and flavor-optimized frying, better products, and oil and energy cost savings<\/strong>.<\/p>\n<p class=\"translation-block\">Fryliquid is very easy to use. Simply add Fryliquid <b><span lang=\"EN\">every 6 to 8 hours<\/span><\/b> to the hot frying oil.<\/p>\n<p class=\"translation-block\">Fryliquid is manufactured in the USA by MirOil, a company that has been a leader in frying research for over 30 years. Fryliquid is approved by the <em>USDA Food and Drug Authority<\/em>.<\/p>","protected":false},"excerpt":{"rendered":"<p>MirOil Fryliquid is a <strong>natural stabilizer and antioxidant for frying oil<\/strong>. It removes the unhealthy trans fats and oxidants from your frying oil so it stays fresher longer. Your food tastes better, looks better and cooks faster. Fryliquid is a must-have for all restaurants and food establishments. Save on oil and energy costs and cook healthy at the same time!<br \/>\n<a class=\"tab-description\" href=\"#tab-description\">Learn more<\/a><\/p>","protected":false},"featured_media":679,"template":"","meta":{"_acf_changed":false},"product_cat":[41],"product_tag":[],"class_list":{"0":"post-617","1":"product","2":"type-product","3":"status-publish","4":"has-post-thumbnail","6":"product_cat-frittieroel-sparen","7":"product_shipping_class-fryliquid-1-bottle","9":"entry","10":"has-media","12":"first","13":"instock","14":"taxable","15":"shipping-taxable","16":"purchasable","17":"product-type-simple","18":"has-product-nav","19":"col","20":"span_1_of_4","21":"owp-content-center","22":"owp-thumbs-layout-horizontal","23":"owp-btn-normal","24":"owp-tabs-layout-horizontal"},"acf":[],"yoast_head":"<!-- This site is optimized with the Yoast SEO plugin v25.0 - https:\/\/yoast.com\/wordpress\/plugins\/seo\/ -->\n<title>Fryliquid 1L - Development Durable<\/title>\n<meta name=\"robots\" content=\"index, follow, max-snippet:-1, max-image-preview:large, max-video-preview:-1\" \/>\n<link rel=\"canonical\" href=\"https:\/\/fettabscheider.tech\/en\/product\/fryliquid-1l\/\" \/>\n<meta property=\"og:locale\" content=\"en_US\" \/>\n<meta property=\"og:type\" content=\"article\" \/>\n<meta property=\"og:title\" content=\"Fryliquid 1L - Development Durable\" \/>\n<meta property=\"og:description\" content=\"MirOil Fryliquid ist ein nat\u00fcrlicher Stabilisator und Antioxidationsmittel f\u00fcr Frittier\u00f6l. Es entfernt die ungesunden Transfette und Oxidationsmittel aus Ihrem Frittier\u00f6l, so dass es l\u00e4nger frisch bleibt. Ihr Essen schmeckt besser, sieht besser aus und kocht schneller. Fryliquid ist ein Muss f\u00fcr alle Restaurants und Lebensmittelbetriebe. Sparen Sie \u00d6l- und Energiekosten und kochen Sie gleichzeitig gesund! Mehr erfahren\" \/>\n<meta property=\"og:url\" content=\"https:\/\/fettabscheider.tech\/en\/product\/fryliquid-1l\/\" \/>\n<meta property=\"og:site_name\" content=\"Development Durable\" \/>\n<meta property=\"article:modified_time\" content=\"2024-12-09T10:50:05+00:00\" \/>\n<meta property=\"og:image\" content=\"https:\/\/fettabscheider.tech\/wp-content\/uploads\/2024\/05\/fryliquid-2.jpg\" \/>\n\t<meta property=\"og:image:width\" content=\"545\" \/>\n\t<meta property=\"og:image:height\" content=\"545\" \/>\n\t<meta property=\"og:image:type\" content=\"image\/jpeg\" \/>\n<meta name=\"twitter:card\" content=\"summary_large_image\" \/>\n<meta name=\"twitter:label1\" content=\"Est. reading time\" \/>\n\t<meta name=\"twitter:data1\" content=\"1 minute\" \/>\n<script type=\"application\/ld+json\" class=\"yoast-schema-graph\">{\"@context\":\"https:\/\/schema.org\",\"@graph\":[{\"@type\":\"WebPage\",\"@id\":\"https:\/\/fettabscheider.tech\/product\/fryliquid-1l\/\",\"url\":\"https:\/\/fettabscheider.tech\/product\/fryliquid-1l\/\",\"name\":\"Fryliquid 1L - Development Durable\",\"isPartOf\":{\"@id\":\"https:\/\/fettabscheider.tech\/#website\"},\"primaryImageOfPage\":{\"@id\":\"https:\/\/fettabscheider.tech\/product\/fryliquid-1l\/#primaryimage\"},\"image\":{\"@id\":\"https:\/\/fettabscheider.tech\/product\/fryliquid-1l\/#primaryimage\"},\"thumbnailUrl\":\"https:\/\/fettabscheider.tech\/wp-content\/uploads\/2024\/05\/fryliquid-2.jpg\",\"datePublished\":\"2024-05-24T09:42:19+00:00\",\"dateModified\":\"2024-12-09T10:50:05+00:00\",\"breadcrumb\":{\"@id\":\"https:\/\/fettabscheider.tech\/product\/fryliquid-1l\/#breadcrumb\"},\"inLanguage\":\"en-US\",\"potentialAction\":[{\"@type\":\"ReadAction\",\"target\":[\"https:\/\/fettabscheider.tech\/product\/fryliquid-1l\/\"]}]},{\"@type\":\"ImageObject\",\"inLanguage\":\"en-US\",\"@id\":\"https:\/\/fettabscheider.tech\/product\/fryliquid-1l\/#primaryimage\",\"url\":\"https:\/\/fettabscheider.tech\/wp-content\/uploads\/2024\/05\/fryliquid-2.jpg\",\"contentUrl\":\"https:\/\/fettabscheider.tech\/wp-content\/uploads\/2024\/05\/fryliquid-2.jpg\",\"width\":545,\"height\":545},{\"@type\":\"BreadcrumbList\",\"@id\":\"https:\/\/fettabscheider.tech\/product\/fryliquid-1l\/#breadcrumb\",\"itemListElement\":[{\"@type\":\"ListItem\",\"position\":1,\"name\":\"Home\",\"item\":\"https:\/\/fettabscheider.tech\/\"},{\"@type\":\"ListItem\",\"position\":2,\"name\":\"Shop\",\"item\":\"https:\/\/fettabscheider.tech\/shop\/\"},{\"@type\":\"ListItem\",\"position\":3,\"name\":\"Fryliquid 1L\"}]},{\"@type\":\"WebSite\",\"@id\":\"https:\/\/fettabscheider.tech\/#website\",\"url\":\"https:\/\/fettabscheider.tech\/\",\"name\":\"Development Durable\",\"description\":\"\",\"potentialAction\":[{\"@type\":\"SearchAction\",\"target\":{\"@type\":\"EntryPoint\",\"urlTemplate\":\"https:\/\/fettabscheider.tech\/?s={search_term_string}\"},\"query-input\":{\"@type\":\"PropertyValueSpecification\",\"valueRequired\":true,\"valueName\":\"search_term_string\"}}],\"inLanguage\":\"en-US\"}]}<\/script>\n<!-- \/ Yoast SEO plugin. -->","yoast_head_json":{"title":"Fryliquid 1L - Development Durable","robots":{"index":"index","follow":"follow","max-snippet":"max-snippet:-1","max-image-preview":"max-image-preview:large","max-video-preview":"max-video-preview:-1"},"canonical":"https:\/\/fettabscheider.tech\/en\/product\/fryliquid-1l\/","og_locale":"en_US","og_type":"article","og_title":"Fryliquid 1L - Development Durable","og_description":"MirOil Fryliquid ist ein nat\u00fcrlicher Stabilisator und Antioxidationsmittel f\u00fcr Frittier\u00f6l. Es entfernt die ungesunden Transfette und Oxidationsmittel aus Ihrem Frittier\u00f6l, so dass es l\u00e4nger frisch bleibt. Ihr Essen schmeckt besser, sieht besser aus und kocht schneller. Fryliquid ist ein Muss f\u00fcr alle Restaurants und Lebensmittelbetriebe. Sparen Sie \u00d6l- und Energiekosten und kochen Sie gleichzeitig gesund! Mehr erfahren","og_url":"https:\/\/fettabscheider.tech\/en\/product\/fryliquid-1l\/","og_site_name":"Development Durable","article_modified_time":"2024-12-09T10:50:05+00:00","og_image":[{"width":545,"height":545,"url":"https:\/\/fettabscheider.tech\/wp-content\/uploads\/2024\/05\/fryliquid-2.jpg","type":"image\/jpeg"}],"twitter_card":"summary_large_image","twitter_misc":{"Est. reading time":"1 minute"},"schema":{"@context":"https:\/\/schema.org","@graph":[{"@type":"WebPage","@id":"https:\/\/fettabscheider.tech\/product\/fryliquid-1l\/","url":"https:\/\/fettabscheider.tech\/product\/fryliquid-1l\/","name":"Fryliquid 1L - Development Durable","isPartOf":{"@id":"https:\/\/fettabscheider.tech\/#website"},"primaryImageOfPage":{"@id":"https:\/\/fettabscheider.tech\/product\/fryliquid-1l\/#primaryimage"},"image":{"@id":"https:\/\/fettabscheider.tech\/product\/fryliquid-1l\/#primaryimage"},"thumbnailUrl":"https:\/\/fettabscheider.tech\/wp-content\/uploads\/2024\/05\/fryliquid-2.jpg","datePublished":"2024-05-24T09:42:19+00:00","dateModified":"2024-12-09T10:50:05+00:00","breadcrumb":{"@id":"https:\/\/fettabscheider.tech\/product\/fryliquid-1l\/#breadcrumb"},"inLanguage":"en-US","potentialAction":[{"@type":"ReadAction","target":["https:\/\/fettabscheider.tech\/product\/fryliquid-1l\/"]}]},{"@type":"ImageObject","inLanguage":"en-US","@id":"https:\/\/fettabscheider.tech\/product\/fryliquid-1l\/#primaryimage","url":"https:\/\/fettabscheider.tech\/wp-content\/uploads\/2024\/05\/fryliquid-2.jpg","contentUrl":"https:\/\/fettabscheider.tech\/wp-content\/uploads\/2024\/05\/fryliquid-2.jpg","width":545,"height":545},{"@type":"BreadcrumbList","@id":"https:\/\/fettabscheider.tech\/product\/fryliquid-1l\/#breadcrumb","itemListElement":[{"@type":"ListItem","position":1,"name":"Home","item":"https:\/\/fettabscheider.tech\/"},{"@type":"ListItem","position":2,"name":"Shop","item":"https:\/\/fettabscheider.tech\/shop\/"},{"@type":"ListItem","position":3,"name":"Fryliquid 1L"}]},{"@type":"WebSite","@id":"https:\/\/fettabscheider.tech\/#website","url":"https:\/\/fettabscheider.tech\/","name":"Development Durable","description":"","potentialAction":[{"@type":"SearchAction","target":{"@type":"EntryPoint","urlTemplate":"https:\/\/fettabscheider.tech\/?s={search_term_string}"},"query-input":{"@type":"PropertyValueSpecification","valueRequired":true,"valueName":"search_term_string"}}],"inLanguage":"en-US"}]}},"_links":{"self":[{"href":"https:\/\/fettabscheider.tech\/en\/wp-json\/wp\/v2\/product\/617","targetHints":{"allow":["GET"]}}],"collection":[{"href":"https:\/\/fettabscheider.tech\/en\/wp-json\/wp\/v2\/product"}],"about":[{"href":"https:\/\/fettabscheider.tech\/en\/wp-json\/wp\/v2\/types\/product"}],"wp:featuredmedia":[{"embeddable":true,"href":"https:\/\/fettabscheider.tech\/en\/wp-json\/wp\/v2\/media\/679"}],"wp:attachment":[{"href":"https:\/\/fettabscheider.tech\/en\/wp-json\/wp\/v2\/media?parent=617"}],"wp:term":[{"taxonomy":"product_cat","embeddable":true,"href":"https:\/\/fettabscheider.tech\/en\/wp-json\/wp\/v2\/product_cat?post=617"},{"taxonomy":"product_tag","embeddable":true,"href":"https:\/\/fettabscheider.tech\/en\/wp-json\/wp\/v2\/product_tag?post=617"}],"curies":[{"name":"wp","href":"https:\/\/api.w.org\/{rel}","templated":true}]}}