{"id":606,"date":"2024-05-24T05:14:10","date_gmt":"2024-05-24T05:14:10","guid":{"rendered":"https:\/\/fettabscheider.tech\/?post_type=product&#038;p=606"},"modified":"2024-12-09T10:49:40","modified_gmt":"2024-12-09T10:49:40","slug":"nu-super-trap","status":"publish","type":"product","link":"https:\/\/fettabscheider.tech\/en\/product\/nu-super-trap\/","title":{"rendered":"Nu-Super Trap"},"content":{"rendered":"<p><strong>Advantages<\/strong><\/p>\n<ul>\n<li>Eliminates bad smells.<\/li>\n<li>Reduces the risk of pipes becoming blocked.<\/li>\n<li>Reduziert Fettansammlungen sowie die Entleerungsh\u00e4ufigkeit der Fettabscheider.<\/li>\n<\/ul>\n<p>&nbsp;<\/p>\n<p><strong>Smells<\/strong><\/p>\n<p>When the weather changes from nice to rainy weather, the air pressure also drops, which causes micro gas bubbles to form in the grease separator, causing an unpleasant smell.<\/p>\n<p>Many pipe connections to the sewer system cannot prevent this, so we recommend Nu-Super Trap to effectively prevent the spread of these odors in your premises.<\/p>\n<p><strong>Regular cleaning<\/strong><\/p>\n<p>It is a good idea to completely clean your grease separator of all residues approximately every three months. This cleaning can be done mechanically, i.e. with a high-pressure cleaner.<\/p>\n<p>This cleaning can also be done with Nu-Super Trap. A regular dosage of 20 to 30 ml per day applied in the evening after work will dissolve the stuck residues in your grease trap.<\/p>\n<p><strong>Application of Nu-Super Trap<\/strong><\/p>\n<p>Use it manually or with an automatic micro-ventilation system. Add 20 to 30 ml to the grease trap daily during the treatment period.<\/p>","protected":false},"excerpt":{"rendered":"<p>Nu-Super Trap is a biotechnological maintenance product for grease traps and drains. It has an active bacterial flora that biodegrades grease and organic matter. It reduces unpleasant odors and pumping frequency. FOR PROFESSIONAL USE ONLY.<a class=\"tab-description\" href=\"#tab-description\">Learn more<\/a><\/p>","protected":false},"featured_media":607,"template":"","meta":{"_acf_changed":false},"product_cat":[40],"product_tag":[],"class_list":{"0":"post-606","1":"product","2":"type-product","3":"status-publish","4":"has-post-thumbnail","6":"product_cat-reiniger-fuer-fettabscheider","7":"product_shipping_class-nu-super-trap-shipping","9":"entry","10":"has-media","12":"first","13":"instock","14":"taxable","15":"shipping-taxable","16":"purchasable","17":"product-type-simple","18":"has-product-nav","19":"col","20":"span_1_of_4","21":"owp-content-center","22":"owp-thumbs-layout-horizontal","23":"owp-btn-normal","24":"owp-tabs-layout-horizontal","25":"has-no-thumbnails"},"acf":[],"yoast_head":"<!-- This site is optimized with the Yoast SEO plugin v25.0 - https:\/\/yoast.com\/wordpress\/plugins\/seo\/ -->\n<title>Nu-Super Trap - Development Durable<\/title>\n<meta name=\"robots\" content=\"index, follow, max-snippet:-1, max-image-preview:large, max-video-preview:-1\" \/>\n<link rel=\"canonical\" href=\"https:\/\/fettabscheider.tech\/en\/product\/nu-super-trap\/\" \/>\n<meta property=\"og:locale\" content=\"en_US\" \/>\n<meta property=\"og:type\" content=\"article\" \/>\n<meta property=\"og:title\" content=\"Nu-Super Trap - Development Durable\" \/>\n<meta property=\"og:description\" content=\"Nu-Super Trap ist ein biotechnologisches Wartungsprodukt f\u00fcr Fettabscheider und Abfl\u00fcsse. Es hat eine aktive Bakterienflora, die Fett und organische Stoffe biologisch abbaut. Es reduziert unangenehme Ger\u00fcche sowie die Pumpfrequenz. NUR F\u00dcR PROFESSIONNELLE ANWENDUNG.Mehr erfahren\" \/>\n<meta property=\"og:url\" content=\"https:\/\/fettabscheider.tech\/en\/product\/nu-super-trap\/\" \/>\n<meta property=\"og:site_name\" content=\"Development Durable\" \/>\n<meta property=\"article:modified_time\" content=\"2024-12-09T10:49:40+00:00\" \/>\n<meta property=\"og:image\" content=\"https:\/\/fettabscheider.tech\/wp-content\/uploads\/2024\/05\/nu-grease-trap-traitement-des-odeurs.jpg\" \/>\n\t<meta property=\"og:image:width\" content=\"545\" \/>\n\t<meta property=\"og:image:height\" content=\"545\" \/>\n\t<meta property=\"og:image:type\" content=\"image\/jpeg\" \/>\n<meta name=\"twitter:card\" content=\"summary_large_image\" \/>\n<meta name=\"twitter:label1\" content=\"Est. reading time\" \/>\n\t<meta name=\"twitter:data1\" content=\"1 minute\" \/>\n<script type=\"application\/ld+json\" class=\"yoast-schema-graph\">{\"@context\":\"https:\/\/schema.org\",\"@graph\":[{\"@type\":\"WebPage\",\"@id\":\"https:\/\/fettabscheider.tech\/product\/nu-super-trap\/\",\"url\":\"https:\/\/fettabscheider.tech\/product\/nu-super-trap\/\",\"name\":\"Nu-Super Trap - Development Durable\",\"isPartOf\":{\"@id\":\"https:\/\/fettabscheider.tech\/#website\"},\"primaryImageOfPage\":{\"@id\":\"https:\/\/fettabscheider.tech\/product\/nu-super-trap\/#primaryimage\"},\"image\":{\"@id\":\"https:\/\/fettabscheider.tech\/product\/nu-super-trap\/#primaryimage\"},\"thumbnailUrl\":\"https:\/\/fettabscheider.tech\/wp-content\/uploads\/2024\/05\/nu-grease-trap-traitement-des-odeurs.jpg\",\"datePublished\":\"2024-05-24T05:14:10+00:00\",\"dateModified\":\"2024-12-09T10:49:40+00:00\",\"breadcrumb\":{\"@id\":\"https:\/\/fettabscheider.tech\/product\/nu-super-trap\/#breadcrumb\"},\"inLanguage\":\"en-US\",\"potentialAction\":[{\"@type\":\"ReadAction\",\"target\":[\"https:\/\/fettabscheider.tech\/product\/nu-super-trap\/\"]}]},{\"@type\":\"ImageObject\",\"inLanguage\":\"en-US\",\"@id\":\"https:\/\/fettabscheider.tech\/product\/nu-super-trap\/#primaryimage\",\"url\":\"https:\/\/fettabscheider.tech\/wp-content\/uploads\/2024\/05\/nu-grease-trap-traitement-des-odeurs.jpg\",\"contentUrl\":\"https:\/\/fettabscheider.tech\/wp-content\/uploads\/2024\/05\/nu-grease-trap-traitement-des-odeurs.jpg\",\"width\":545,\"height\":545},{\"@type\":\"BreadcrumbList\",\"@id\":\"https:\/\/fettabscheider.tech\/product\/nu-super-trap\/#breadcrumb\",\"itemListElement\":[{\"@type\":\"ListItem\",\"position\":1,\"name\":\"Home\",\"item\":\"https:\/\/fettabscheider.tech\/\"},{\"@type\":\"ListItem\",\"position\":2,\"name\":\"Shop\",\"item\":\"https:\/\/fettabscheider.tech\/shop\/\"},{\"@type\":\"ListItem\",\"position\":3,\"name\":\"Nu-Super Trap\"}]},{\"@type\":\"WebSite\",\"@id\":\"https:\/\/fettabscheider.tech\/#website\",\"url\":\"https:\/\/fettabscheider.tech\/\",\"name\":\"Development Durable\",\"description\":\"\",\"potentialAction\":[{\"@type\":\"SearchAction\",\"target\":{\"@type\":\"EntryPoint\",\"urlTemplate\":\"https:\/\/fettabscheider.tech\/?s={search_term_string}\"},\"query-input\":{\"@type\":\"PropertyValueSpecification\",\"valueRequired\":true,\"valueName\":\"search_term_string\"}}],\"inLanguage\":\"en-US\"}]}<\/script>\n<!-- \/ Yoast SEO plugin. -->","yoast_head_json":{"title":"Nu-Super Trap - Development Durable","robots":{"index":"index","follow":"follow","max-snippet":"max-snippet:-1","max-image-preview":"max-image-preview:large","max-video-preview":"max-video-preview:-1"},"canonical":"https:\/\/fettabscheider.tech\/en\/product\/nu-super-trap\/","og_locale":"en_US","og_type":"article","og_title":"Nu-Super Trap - Development Durable","og_description":"Nu-Super Trap ist ein biotechnologisches Wartungsprodukt f\u00fcr Fettabscheider und Abfl\u00fcsse. Es hat eine aktive Bakterienflora, die Fett und organische Stoffe biologisch abbaut. Es reduziert unangenehme Ger\u00fcche sowie die Pumpfrequenz. NUR F\u00dcR PROFESSIONNELLE ANWENDUNG.Mehr erfahren","og_url":"https:\/\/fettabscheider.tech\/en\/product\/nu-super-trap\/","og_site_name":"Development Durable","article_modified_time":"2024-12-09T10:49:40+00:00","og_image":[{"width":545,"height":545,"url":"https:\/\/fettabscheider.tech\/wp-content\/uploads\/2024\/05\/nu-grease-trap-traitement-des-odeurs.jpg","type":"image\/jpeg"}],"twitter_card":"summary_large_image","twitter_misc":{"Est. reading time":"1 minute"},"schema":{"@context":"https:\/\/schema.org","@graph":[{"@type":"WebPage","@id":"https:\/\/fettabscheider.tech\/product\/nu-super-trap\/","url":"https:\/\/fettabscheider.tech\/product\/nu-super-trap\/","name":"Nu-Super Trap - Development Durable","isPartOf":{"@id":"https:\/\/fettabscheider.tech\/#website"},"primaryImageOfPage":{"@id":"https:\/\/fettabscheider.tech\/product\/nu-super-trap\/#primaryimage"},"image":{"@id":"https:\/\/fettabscheider.tech\/product\/nu-super-trap\/#primaryimage"},"thumbnailUrl":"https:\/\/fettabscheider.tech\/wp-content\/uploads\/2024\/05\/nu-grease-trap-traitement-des-odeurs.jpg","datePublished":"2024-05-24T05:14:10+00:00","dateModified":"2024-12-09T10:49:40+00:00","breadcrumb":{"@id":"https:\/\/fettabscheider.tech\/product\/nu-super-trap\/#breadcrumb"},"inLanguage":"en-US","potentialAction":[{"@type":"ReadAction","target":["https:\/\/fettabscheider.tech\/product\/nu-super-trap\/"]}]},{"@type":"ImageObject","inLanguage":"en-US","@id":"https:\/\/fettabscheider.tech\/product\/nu-super-trap\/#primaryimage","url":"https:\/\/fettabscheider.tech\/wp-content\/uploads\/2024\/05\/nu-grease-trap-traitement-des-odeurs.jpg","contentUrl":"https:\/\/fettabscheider.tech\/wp-content\/uploads\/2024\/05\/nu-grease-trap-traitement-des-odeurs.jpg","width":545,"height":545},{"@type":"BreadcrumbList","@id":"https:\/\/fettabscheider.tech\/product\/nu-super-trap\/#breadcrumb","itemListElement":[{"@type":"ListItem","position":1,"name":"Home","item":"https:\/\/fettabscheider.tech\/"},{"@type":"ListItem","position":2,"name":"Shop","item":"https:\/\/fettabscheider.tech\/shop\/"},{"@type":"ListItem","position":3,"name":"Nu-Super Trap"}]},{"@type":"WebSite","@id":"https:\/\/fettabscheider.tech\/#website","url":"https:\/\/fettabscheider.tech\/","name":"Development Durable","description":"","potentialAction":[{"@type":"SearchAction","target":{"@type":"EntryPoint","urlTemplate":"https:\/\/fettabscheider.tech\/?s={search_term_string}"},"query-input":{"@type":"PropertyValueSpecification","valueRequired":true,"valueName":"search_term_string"}}],"inLanguage":"en-US"}]}},"_links":{"self":[{"href":"https:\/\/fettabscheider.tech\/en\/wp-json\/wp\/v2\/product\/606","targetHints":{"allow":["GET"]}}],"collection":[{"href":"https:\/\/fettabscheider.tech\/en\/wp-json\/wp\/v2\/product"}],"about":[{"href":"https:\/\/fettabscheider.tech\/en\/wp-json\/wp\/v2\/types\/product"}],"wp:featuredmedia":[{"embeddable":true,"href":"https:\/\/fettabscheider.tech\/en\/wp-json\/wp\/v2\/media\/607"}],"wp:attachment":[{"href":"https:\/\/fettabscheider.tech\/en\/wp-json\/wp\/v2\/media?parent=606"}],"wp:term":[{"taxonomy":"product_cat","embeddable":true,"href":"https:\/\/fettabscheider.tech\/en\/wp-json\/wp\/v2\/product_cat?post=606"},{"taxonomy":"product_tag","embeddable":true,"href":"https:\/\/fettabscheider.tech\/en\/wp-json\/wp\/v2\/product_tag?post=606"}],"curies":[{"name":"wp","href":"https:\/\/api.w.org\/{rel}","templated":true}]}}