{"id":596,"date":"2024-05-20T06:33:02","date_gmt":"2024-05-20T06:33:02","guid":{"rendered":"https:\/\/fettabscheider.tech\/?post_type=product&#038;p=596"},"modified":"2024-12-09T10:47:14","modified_gmt":"2024-12-09T10:47:14","slug":"ersatzfilter-zu-o%cc%88lfilter-28l-rund","status":"publish","type":"product","link":"https:\/\/fettabscheider.tech\/en\/product\/ersatzfilter-zu-o%cc%88lfilter-28l-rund\/","title":{"rendered":"Ersatzfilter zu O\u0308lfilter 28L-rund"},"content":{"rendered":"<p class=\"translation-block\">The <strong>replacement filter for the \"round oil filter for deep fryer 28L\"<\/strong> (FM28-D01Fs) can be washed with hot water and is therefore reusable. This filter bag (Ref. PR28-RD01Fs) is made of nylon and has a mesh size of 45 \u00b5m, which allows the filtering of hot frying oil up to 180\u00b0C quickly and reliably. It can be used <strong>up to 1000 times<\/strong>.<\/p>","protected":false},"excerpt":{"rendered":"<p>The <strong>Ersatzfilter zum &#8222;runden \u00d6lfilter f\u00fcr Fritteuse 28L&#8220;<\/strong>(FM28-D01Fs) ist mit hei\u00dfem Wasser waschbar und ist somit wiederverwendbar. Dieser Filterbeutel (Ref. PR28-RD01Fs) besteht aus Nylon und hat eine Maschenweite von 45 \u00b5m, die das Filtern von hei\u00dfem Frittier\u00f6l bis zu 180\u00b0C schnell und zuverl\u00e4ssig erm\u00f6glicht. Er kann <strong>bis zu 1000 Mal<\/strong> verwendet werden.<br \/>\n<a class=\"tab-description\" href=\"#tab-description\">Learn more<\/a><\/p>","protected":false},"featured_media":597,"template":"","meta":{"_acf_changed":false},"product_cat":[26],"product_tag":[],"class_list":{"0":"post-596","1":"product","2":"type-product","3":"status-publish","4":"has-post-thumbnail","6":"product_cat-oelfilter-fritteuse","8":"entry","9":"has-media","11":"first","12":"instock","13":"taxable","14":"shipping-taxable","15":"purchasable","16":"product-type-simple","17":"has-product-nav","18":"col","19":"span_1_of_4","20":"owp-content-center","21":"owp-thumbs-layout-horizontal","22":"owp-btn-normal","23":"owp-tabs-layout-horizontal"},"acf":[],"yoast_head":"<!-- This site is optimized with the Yoast SEO plugin v25.0 - https:\/\/yoast.com\/wordpress\/plugins\/seo\/ -->\n<title>Ersatzfilter zu O\u0308lfilter 28L-rund - Development Durable<\/title>\n<meta name=\"robots\" content=\"index, follow, max-snippet:-1, max-image-preview:large, max-video-preview:-1\" \/>\n<link rel=\"canonical\" href=\"https:\/\/fettabscheider.tech\/en\/product\/ersatzfilter-zu-o\u0308lfilter-28l-rund\/\" \/>\n<meta property=\"og:locale\" content=\"en_US\" \/>\n<meta property=\"og:type\" content=\"article\" \/>\n<meta property=\"og:title\" content=\"Ersatzfilter zu O\u0308lfilter 28L-rund - Development Durable\" \/>\n<meta property=\"og:description\" content=\"Der Ersatzfilter zum &quot;runden \u00d6lfilter f\u00fcr Fritteuse 28L&quot;(FM28-D01Fs) ist mit hei\u00dfem Wasser waschbar und ist somit wiederverwendbar. Dieser Filterbeutel (Ref. PR28-RD01Fs) besteht aus Nylon und hat eine Maschenweite von 45 \u00b5m, die das Filtern von hei\u00dfem Frittier\u00f6l bis zu 180\u00b0C schnell und zuverl\u00e4ssig erm\u00f6glicht. Er kann bis zu 1000 Mal verwendet werden. Mehr erfahren\" \/>\n<meta property=\"og:url\" content=\"https:\/\/fettabscheider.tech\/en\/product\/ersatzfilter-zu-o\u0308lfilter-28l-rund\/\" \/>\n<meta property=\"og:site_name\" content=\"Development Durable\" \/>\n<meta property=\"article:modified_time\" content=\"2024-12-09T10:47:14+00:00\" \/>\n<meta property=\"og:image\" content=\"https:\/\/fettabscheider.tech\/wp-content\/uploads\/2024\/05\/bac-a-graisse-pr28-rd01fs.jpg\" \/>\n\t<meta property=\"og:image:width\" content=\"545\" \/>\n\t<meta property=\"og:image:height\" content=\"545\" \/>\n\t<meta property=\"og:image:type\" content=\"image\/jpeg\" \/>\n<meta name=\"twitter:card\" content=\"summary_large_image\" \/>\n<meta name=\"twitter:label1\" content=\"Est. reading time\" \/>\n\t<meta name=\"twitter:data1\" content=\"1 minute\" \/>\n<script type=\"application\/ld+json\" class=\"yoast-schema-graph\">{\"@context\":\"https:\/\/schema.org\",\"@graph\":[{\"@type\":\"WebPage\",\"@id\":\"https:\/\/fettabscheider.tech\/product\/ersatzfilter-zu-o%cc%88lfilter-28l-rund\/\",\"url\":\"https:\/\/fettabscheider.tech\/product\/ersatzfilter-zu-o%cc%88lfilter-28l-rund\/\",\"name\":\"Ersatzfilter zu O\u0308lfilter 28L-rund - Development Durable\",\"isPartOf\":{\"@id\":\"https:\/\/fettabscheider.tech\/#website\"},\"primaryImageOfPage\":{\"@id\":\"https:\/\/fettabscheider.tech\/product\/ersatzfilter-zu-o%cc%88lfilter-28l-rund\/#primaryimage\"},\"image\":{\"@id\":\"https:\/\/fettabscheider.tech\/product\/ersatzfilter-zu-o%cc%88lfilter-28l-rund\/#primaryimage\"},\"thumbnailUrl\":\"https:\/\/fettabscheider.tech\/wp-content\/uploads\/2024\/05\/bac-a-graisse-pr28-rd01fs.jpg\",\"datePublished\":\"2024-05-20T06:33:02+00:00\",\"dateModified\":\"2024-12-09T10:47:14+00:00\",\"breadcrumb\":{\"@id\":\"https:\/\/fettabscheider.tech\/product\/ersatzfilter-zu-o%cc%88lfilter-28l-rund\/#breadcrumb\"},\"inLanguage\":\"en-US\",\"potentialAction\":[{\"@type\":\"ReadAction\",\"target\":[\"https:\/\/fettabscheider.tech\/product\/ersatzfilter-zu-o%cc%88lfilter-28l-rund\/\"]}]},{\"@type\":\"ImageObject\",\"inLanguage\":\"en-US\",\"@id\":\"https:\/\/fettabscheider.tech\/product\/ersatzfilter-zu-o%cc%88lfilter-28l-rund\/#primaryimage\",\"url\":\"https:\/\/fettabscheider.tech\/wp-content\/uploads\/2024\/05\/bac-a-graisse-pr28-rd01fs.jpg\",\"contentUrl\":\"https:\/\/fettabscheider.tech\/wp-content\/uploads\/2024\/05\/bac-a-graisse-pr28-rd01fs.jpg\",\"width\":545,\"height\":545},{\"@type\":\"BreadcrumbList\",\"@id\":\"https:\/\/fettabscheider.tech\/product\/ersatzfilter-zu-o%cc%88lfilter-28l-rund\/#breadcrumb\",\"itemListElement\":[{\"@type\":\"ListItem\",\"position\":1,\"name\":\"Home\",\"item\":\"https:\/\/fettabscheider.tech\/\"},{\"@type\":\"ListItem\",\"position\":2,\"name\":\"Shop\",\"item\":\"https:\/\/fettabscheider.tech\/shop\/\"},{\"@type\":\"ListItem\",\"position\":3,\"name\":\"Ersatzfilter zu O\u0308lfilter 28L-rund\"}]},{\"@type\":\"WebSite\",\"@id\":\"https:\/\/fettabscheider.tech\/#website\",\"url\":\"https:\/\/fettabscheider.tech\/\",\"name\":\"Development Durable\",\"description\":\"\",\"potentialAction\":[{\"@type\":\"SearchAction\",\"target\":{\"@type\":\"EntryPoint\",\"urlTemplate\":\"https:\/\/fettabscheider.tech\/?s={search_term_string}\"},\"query-input\":{\"@type\":\"PropertyValueSpecification\",\"valueRequired\":true,\"valueName\":\"search_term_string\"}}],\"inLanguage\":\"en-US\"}]}<\/script>\n<!-- \/ Yoast SEO plugin. -->","yoast_head_json":{"title":"Ersatzfilter zu O\u0308lfilter 28L-rund - Development Durable","robots":{"index":"index","follow":"follow","max-snippet":"max-snippet:-1","max-image-preview":"max-image-preview:large","max-video-preview":"max-video-preview:-1"},"canonical":"https:\/\/fettabscheider.tech\/en\/product\/ersatzfilter-zu-o\u0308lfilter-28l-rund\/","og_locale":"en_US","og_type":"article","og_title":"Ersatzfilter zu O\u0308lfilter 28L-rund - Development Durable","og_description":"Der Ersatzfilter zum \"runden \u00d6lfilter f\u00fcr Fritteuse 28L\"(FM28-D01Fs) ist mit hei\u00dfem Wasser waschbar und ist somit wiederverwendbar. Dieser Filterbeutel (Ref. PR28-RD01Fs) besteht aus Nylon und hat eine Maschenweite von 45 \u00b5m, die das Filtern von hei\u00dfem Frittier\u00f6l bis zu 180\u00b0C schnell und zuverl\u00e4ssig erm\u00f6glicht. Er kann bis zu 1000 Mal verwendet werden. Mehr erfahren","og_url":"https:\/\/fettabscheider.tech\/en\/product\/ersatzfilter-zu-o\u0308lfilter-28l-rund\/","og_site_name":"Development Durable","article_modified_time":"2024-12-09T10:47:14+00:00","og_image":[{"width":545,"height":545,"url":"https:\/\/fettabscheider.tech\/wp-content\/uploads\/2024\/05\/bac-a-graisse-pr28-rd01fs.jpg","type":"image\/jpeg"}],"twitter_card":"summary_large_image","twitter_misc":{"Est. reading time":"1 minute"},"schema":{"@context":"https:\/\/schema.org","@graph":[{"@type":"WebPage","@id":"https:\/\/fettabscheider.tech\/product\/ersatzfilter-zu-o%cc%88lfilter-28l-rund\/","url":"https:\/\/fettabscheider.tech\/product\/ersatzfilter-zu-o%cc%88lfilter-28l-rund\/","name":"Ersatzfilter zu O\u0308lfilter 28L-rund - Development Durable","isPartOf":{"@id":"https:\/\/fettabscheider.tech\/#website"},"primaryImageOfPage":{"@id":"https:\/\/fettabscheider.tech\/product\/ersatzfilter-zu-o%cc%88lfilter-28l-rund\/#primaryimage"},"image":{"@id":"https:\/\/fettabscheider.tech\/product\/ersatzfilter-zu-o%cc%88lfilter-28l-rund\/#primaryimage"},"thumbnailUrl":"https:\/\/fettabscheider.tech\/wp-content\/uploads\/2024\/05\/bac-a-graisse-pr28-rd01fs.jpg","datePublished":"2024-05-20T06:33:02+00:00","dateModified":"2024-12-09T10:47:14+00:00","breadcrumb":{"@id":"https:\/\/fettabscheider.tech\/product\/ersatzfilter-zu-o%cc%88lfilter-28l-rund\/#breadcrumb"},"inLanguage":"en-US","potentialAction":[{"@type":"ReadAction","target":["https:\/\/fettabscheider.tech\/product\/ersatzfilter-zu-o%cc%88lfilter-28l-rund\/"]}]},{"@type":"ImageObject","inLanguage":"en-US","@id":"https:\/\/fettabscheider.tech\/product\/ersatzfilter-zu-o%cc%88lfilter-28l-rund\/#primaryimage","url":"https:\/\/fettabscheider.tech\/wp-content\/uploads\/2024\/05\/bac-a-graisse-pr28-rd01fs.jpg","contentUrl":"https:\/\/fettabscheider.tech\/wp-content\/uploads\/2024\/05\/bac-a-graisse-pr28-rd01fs.jpg","width":545,"height":545},{"@type":"BreadcrumbList","@id":"https:\/\/fettabscheider.tech\/product\/ersatzfilter-zu-o%cc%88lfilter-28l-rund\/#breadcrumb","itemListElement":[{"@type":"ListItem","position":1,"name":"Home","item":"https:\/\/fettabscheider.tech\/"},{"@type":"ListItem","position":2,"name":"Shop","item":"https:\/\/fettabscheider.tech\/shop\/"},{"@type":"ListItem","position":3,"name":"Ersatzfilter zu O\u0308lfilter 28L-rund"}]},{"@type":"WebSite","@id":"https:\/\/fettabscheider.tech\/#website","url":"https:\/\/fettabscheider.tech\/","name":"Development Durable","description":"","potentialAction":[{"@type":"SearchAction","target":{"@type":"EntryPoint","urlTemplate":"https:\/\/fettabscheider.tech\/?s={search_term_string}"},"query-input":{"@type":"PropertyValueSpecification","valueRequired":true,"valueName":"search_term_string"}}],"inLanguage":"en-US"}]}},"_links":{"self":[{"href":"https:\/\/fettabscheider.tech\/en\/wp-json\/wp\/v2\/product\/596","targetHints":{"allow":["GET"]}}],"collection":[{"href":"https:\/\/fettabscheider.tech\/en\/wp-json\/wp\/v2\/product"}],"about":[{"href":"https:\/\/fettabscheider.tech\/en\/wp-json\/wp\/v2\/types\/product"}],"wp:featuredmedia":[{"embeddable":true,"href":"https:\/\/fettabscheider.tech\/en\/wp-json\/wp\/v2\/media\/597"}],"wp:attachment":[{"href":"https:\/\/fettabscheider.tech\/en\/wp-json\/wp\/v2\/media?parent=596"}],"wp:term":[{"taxonomy":"product_cat","embeddable":true,"href":"https:\/\/fettabscheider.tech\/en\/wp-json\/wp\/v2\/product_cat?post=596"},{"taxonomy":"product_tag","embeddable":true,"href":"https:\/\/fettabscheider.tech\/en\/wp-json\/wp\/v2\/product_tag?post=596"}],"curies":[{"name":"wp","href":"https:\/\/api.w.org\/{rel}","templated":true}]}}