{"id":587,"date":"2024-05-19T06:05:03","date_gmt":"2024-05-19T06:05:03","guid":{"rendered":"https:\/\/fettabscheider.tech\/?post_type=product&#038;p=587"},"modified":"2024-12-09T10:43:45","modified_gmt":"2024-12-09T10:43:45","slug":"o%cc%88lfilter-fu%cc%88r-fritteuse-57l","status":"publish","type":"product","link":"https:\/\/fettabscheider.tech\/en\/product\/o%cc%88lfilter-fu%cc%88r-fritteuse-57l\/","title":{"rendered":"Oil filter for deep fryer 57L"},"content":{"rendered":"<p class=\"translation-block\">To filter frying oil as a professional, we offer this washable oil filter for commercial <strong>deep fryers up to 57 liters<\/strong> (Ref. FM57-C88Ps). This frying oil filter is made of special fabric and has a mesh size of 90 \u00b5m, which enables the filtering of hot frying oil up to 180\u00b0C quickly and reliably.<\/p>\n<p class=\"translation-block\">The filter bag has a stainless steel holder, can be washed with hot water and is therefore reusable. Thanks to the very <strong>long service life of the filter<\/strong>, <strong>which allows about 1000 filtrations<\/strong>, the costs for filtering frying oil are very low.<\/p>\n<p>We offer a degressive warranty of 6 months for this oil filter.<\/p>","protected":false},"excerpt":{"rendered":"<p><strong>\u00d6lfilter f\u00fcr Fritteusen reinigen das Frittier\u00f6l<\/strong> und tragen dazu bei, dass das \u00d6l l\u00e4nger genutzt werden kann. Dies reduziert die Notwendigkeit eines \u00d6lwechsels, erm\u00f6glicht eine <strong>langlebige Nutzung der Fritteuse<\/strong>, und spart somit Zeit und Geld. Frittier\u00f6lfilter sind auch ein wichtiger Bestandteil der K\u00fcchenhygiene und sorgen daf\u00fcr, dass das <strong>Frittierfett sauber, geruchlos und frei von Verunreinigungen<\/strong> bleibt.<br \/>\n<a class=\"tab-description\" href=\"#tab-description\">Learn more<\/a><\/p>","protected":false},"featured_media":588,"template":"","meta":{"_acf_changed":false},"product_cat":[26],"product_tag":[],"class_list":{"0":"post-587","1":"product","2":"type-product","3":"status-publish","4":"has-post-thumbnail","6":"product_cat-oelfilter-fritteuse","8":"entry","9":"has-media","11":"first","12":"instock","13":"taxable","14":"shipping-taxable","15":"purchasable","16":"product-type-simple","17":"has-product-nav","18":"col","19":"span_1_of_4","20":"owp-content-center","21":"owp-thumbs-layout-horizontal","22":"owp-btn-normal","23":"owp-tabs-layout-horizontal"},"acf":[],"yoast_head":"<!-- This site is optimized with the Yoast SEO plugin v25.0 - https:\/\/yoast.com\/wordpress\/plugins\/seo\/ -->\n<title>O\u0308lfilter fu\u0308r Fritteuse 57L - Development Durable<\/title>\n<meta name=\"robots\" content=\"index, follow, max-snippet:-1, max-image-preview:large, max-video-preview:-1\" \/>\n<link rel=\"canonical\" href=\"https:\/\/fettabscheider.tech\/en\/product\/o\u0308lfilter-fu\u0308r-fritteuse-57l\/\" \/>\n<meta property=\"og:locale\" content=\"en_US\" \/>\n<meta property=\"og:type\" content=\"article\" \/>\n<meta property=\"og:title\" content=\"O\u0308lfilter fu\u0308r Fritteuse 57L - Development Durable\" \/>\n<meta property=\"og:description\" content=\"\u00d6lfilter f\u00fcr Fritteusen reinigen das Frittier\u00f6l und tragen dazu bei, dass das \u00d6l l\u00e4nger genutzt werden kann. Dies reduziert die Notwendigkeit eines \u00d6lwechsels, erm\u00f6glicht eine langlebige Nutzung der Fritteuse, und spart somit Zeit und Geld. Frittier\u00f6lfilter sind auch ein wichtiger Bestandteil der K\u00fcchenhygiene und sorgen daf\u00fcr, dass das Frittierfett sauber, geruchlos und frei von Verunreinigungen bleibt. Mehr erfahren\" \/>\n<meta property=\"og:url\" content=\"https:\/\/fettabscheider.tech\/en\/product\/o\u0308lfilter-fu\u0308r-fritteuse-57l\/\" \/>\n<meta property=\"og:site_name\" content=\"Development Durable\" \/>\n<meta property=\"article:modified_time\" content=\"2024-12-09T10:43:45+00:00\" \/>\n<meta property=\"og:image\" content=\"https:\/\/fettabscheider.tech\/wp-content\/uploads\/2024\/05\/filtre-a-huile-manuel-carre-57-litres.jpg\" \/>\n\t<meta property=\"og:image:width\" content=\"545\" \/>\n\t<meta property=\"og:image:height\" content=\"545\" \/>\n\t<meta property=\"og:image:type\" content=\"image\/jpeg\" \/>\n<meta name=\"twitter:card\" content=\"summary_large_image\" \/>\n<meta name=\"twitter:label1\" content=\"Est. reading time\" \/>\n\t<meta name=\"twitter:data1\" content=\"1 minute\" \/>\n<script type=\"application\/ld+json\" class=\"yoast-schema-graph\">{\"@context\":\"https:\/\/schema.org\",\"@graph\":[{\"@type\":\"WebPage\",\"@id\":\"https:\/\/fettabscheider.tech\/product\/o%cc%88lfilter-fu%cc%88r-fritteuse-57l\/\",\"url\":\"https:\/\/fettabscheider.tech\/product\/o%cc%88lfilter-fu%cc%88r-fritteuse-57l\/\",\"name\":\"O\u0308lfilter fu\u0308r Fritteuse 57L - Development Durable\",\"isPartOf\":{\"@id\":\"https:\/\/fettabscheider.tech\/#website\"},\"primaryImageOfPage\":{\"@id\":\"https:\/\/fettabscheider.tech\/product\/o%cc%88lfilter-fu%cc%88r-fritteuse-57l\/#primaryimage\"},\"image\":{\"@id\":\"https:\/\/fettabscheider.tech\/product\/o%cc%88lfilter-fu%cc%88r-fritteuse-57l\/#primaryimage\"},\"thumbnailUrl\":\"https:\/\/fettabscheider.tech\/wp-content\/uploads\/2024\/05\/filtre-a-huile-manuel-carre-57-litres.jpg\",\"datePublished\":\"2024-05-19T06:05:03+00:00\",\"dateModified\":\"2024-12-09T10:43:45+00:00\",\"breadcrumb\":{\"@id\":\"https:\/\/fettabscheider.tech\/product\/o%cc%88lfilter-fu%cc%88r-fritteuse-57l\/#breadcrumb\"},\"inLanguage\":\"en-US\",\"potentialAction\":[{\"@type\":\"ReadAction\",\"target\":[\"https:\/\/fettabscheider.tech\/product\/o%cc%88lfilter-fu%cc%88r-fritteuse-57l\/\"]}]},{\"@type\":\"ImageObject\",\"inLanguage\":\"en-US\",\"@id\":\"https:\/\/fettabscheider.tech\/product\/o%cc%88lfilter-fu%cc%88r-fritteuse-57l\/#primaryimage\",\"url\":\"https:\/\/fettabscheider.tech\/wp-content\/uploads\/2024\/05\/filtre-a-huile-manuel-carre-57-litres.jpg\",\"contentUrl\":\"https:\/\/fettabscheider.tech\/wp-content\/uploads\/2024\/05\/filtre-a-huile-manuel-carre-57-litres.jpg\",\"width\":545,\"height\":545},{\"@type\":\"BreadcrumbList\",\"@id\":\"https:\/\/fettabscheider.tech\/product\/o%cc%88lfilter-fu%cc%88r-fritteuse-57l\/#breadcrumb\",\"itemListElement\":[{\"@type\":\"ListItem\",\"position\":1,\"name\":\"Home\",\"item\":\"https:\/\/fettabscheider.tech\/\"},{\"@type\":\"ListItem\",\"position\":2,\"name\":\"Shop\",\"item\":\"https:\/\/fettabscheider.tech\/shop\/\"},{\"@type\":\"ListItem\",\"position\":3,\"name\":\"O\u0308lfilter fu\u0308r Fritteuse 57L\"}]},{\"@type\":\"WebSite\",\"@id\":\"https:\/\/fettabscheider.tech\/#website\",\"url\":\"https:\/\/fettabscheider.tech\/\",\"name\":\"Development Durable\",\"description\":\"\",\"potentialAction\":[{\"@type\":\"SearchAction\",\"target\":{\"@type\":\"EntryPoint\",\"urlTemplate\":\"https:\/\/fettabscheider.tech\/?s={search_term_string}\"},\"query-input\":{\"@type\":\"PropertyValueSpecification\",\"valueRequired\":true,\"valueName\":\"search_term_string\"}}],\"inLanguage\":\"en-US\"}]}<\/script>\n<!-- \/ Yoast SEO plugin. -->","yoast_head_json":{"title":"O\u0308lfilter fu\u0308r Fritteuse 57L - Development Durable","robots":{"index":"index","follow":"follow","max-snippet":"max-snippet:-1","max-image-preview":"max-image-preview:large","max-video-preview":"max-video-preview:-1"},"canonical":"https:\/\/fettabscheider.tech\/en\/product\/o\u0308lfilter-fu\u0308r-fritteuse-57l\/","og_locale":"en_US","og_type":"article","og_title":"O\u0308lfilter fu\u0308r Fritteuse 57L - Development Durable","og_description":"\u00d6lfilter f\u00fcr Fritteusen reinigen das Frittier\u00f6l und tragen dazu bei, dass das \u00d6l l\u00e4nger genutzt werden kann. Dies reduziert die Notwendigkeit eines \u00d6lwechsels, erm\u00f6glicht eine langlebige Nutzung der Fritteuse, und spart somit Zeit und Geld. Frittier\u00f6lfilter sind auch ein wichtiger Bestandteil der K\u00fcchenhygiene und sorgen daf\u00fcr, dass das Frittierfett sauber, geruchlos und frei von Verunreinigungen bleibt. Mehr erfahren","og_url":"https:\/\/fettabscheider.tech\/en\/product\/o\u0308lfilter-fu\u0308r-fritteuse-57l\/","og_site_name":"Development Durable","article_modified_time":"2024-12-09T10:43:45+00:00","og_image":[{"width":545,"height":545,"url":"https:\/\/fettabscheider.tech\/wp-content\/uploads\/2024\/05\/filtre-a-huile-manuel-carre-57-litres.jpg","type":"image\/jpeg"}],"twitter_card":"summary_large_image","twitter_misc":{"Est. reading time":"1 minute"},"schema":{"@context":"https:\/\/schema.org","@graph":[{"@type":"WebPage","@id":"https:\/\/fettabscheider.tech\/product\/o%cc%88lfilter-fu%cc%88r-fritteuse-57l\/","url":"https:\/\/fettabscheider.tech\/product\/o%cc%88lfilter-fu%cc%88r-fritteuse-57l\/","name":"O\u0308lfilter fu\u0308r Fritteuse 57L - Development Durable","isPartOf":{"@id":"https:\/\/fettabscheider.tech\/#website"},"primaryImageOfPage":{"@id":"https:\/\/fettabscheider.tech\/product\/o%cc%88lfilter-fu%cc%88r-fritteuse-57l\/#primaryimage"},"image":{"@id":"https:\/\/fettabscheider.tech\/product\/o%cc%88lfilter-fu%cc%88r-fritteuse-57l\/#primaryimage"},"thumbnailUrl":"https:\/\/fettabscheider.tech\/wp-content\/uploads\/2024\/05\/filtre-a-huile-manuel-carre-57-litres.jpg","datePublished":"2024-05-19T06:05:03+00:00","dateModified":"2024-12-09T10:43:45+00:00","breadcrumb":{"@id":"https:\/\/fettabscheider.tech\/product\/o%cc%88lfilter-fu%cc%88r-fritteuse-57l\/#breadcrumb"},"inLanguage":"en-US","potentialAction":[{"@type":"ReadAction","target":["https:\/\/fettabscheider.tech\/product\/o%cc%88lfilter-fu%cc%88r-fritteuse-57l\/"]}]},{"@type":"ImageObject","inLanguage":"en-US","@id":"https:\/\/fettabscheider.tech\/product\/o%cc%88lfilter-fu%cc%88r-fritteuse-57l\/#primaryimage","url":"https:\/\/fettabscheider.tech\/wp-content\/uploads\/2024\/05\/filtre-a-huile-manuel-carre-57-litres.jpg","contentUrl":"https:\/\/fettabscheider.tech\/wp-content\/uploads\/2024\/05\/filtre-a-huile-manuel-carre-57-litres.jpg","width":545,"height":545},{"@type":"BreadcrumbList","@id":"https:\/\/fettabscheider.tech\/product\/o%cc%88lfilter-fu%cc%88r-fritteuse-57l\/#breadcrumb","itemListElement":[{"@type":"ListItem","position":1,"name":"Home","item":"https:\/\/fettabscheider.tech\/"},{"@type":"ListItem","position":2,"name":"Shop","item":"https:\/\/fettabscheider.tech\/shop\/"},{"@type":"ListItem","position":3,"name":"O\u0308lfilter fu\u0308r Fritteuse 57L"}]},{"@type":"WebSite","@id":"https:\/\/fettabscheider.tech\/#website","url":"https:\/\/fettabscheider.tech\/","name":"Development Durable","description":"","potentialAction":[{"@type":"SearchAction","target":{"@type":"EntryPoint","urlTemplate":"https:\/\/fettabscheider.tech\/?s={search_term_string}"},"query-input":{"@type":"PropertyValueSpecification","valueRequired":true,"valueName":"search_term_string"}}],"inLanguage":"en-US"}]}},"_links":{"self":[{"href":"https:\/\/fettabscheider.tech\/en\/wp-json\/wp\/v2\/product\/587","targetHints":{"allow":["GET"]}}],"collection":[{"href":"https:\/\/fettabscheider.tech\/en\/wp-json\/wp\/v2\/product"}],"about":[{"href":"https:\/\/fettabscheider.tech\/en\/wp-json\/wp\/v2\/types\/product"}],"wp:featuredmedia":[{"embeddable":true,"href":"https:\/\/fettabscheider.tech\/en\/wp-json\/wp\/v2\/media\/588"}],"wp:attachment":[{"href":"https:\/\/fettabscheider.tech\/en\/wp-json\/wp\/v2\/media?parent=587"}],"wp:term":[{"taxonomy":"product_cat","embeddable":true,"href":"https:\/\/fettabscheider.tech\/en\/wp-json\/wp\/v2\/product_cat?post=587"},{"taxonomy":"product_tag","embeddable":true,"href":"https:\/\/fettabscheider.tech\/en\/wp-json\/wp\/v2\/product_tag?post=587"}],"curies":[{"name":"wp","href":"https:\/\/api.w.org\/{rel}","templated":true}]}}