{"id":567,"date":"2024-05-03T06:34:31","date_gmt":"2024-05-03T06:34:31","guid":{"rendered":"https:\/\/fettabscheider.tech\/?post_type=product&#038;p=567"},"modified":"2026-04-02T14:20:34","modified_gmt":"2026-04-02T14:20:34","slug":"elektrischer-frittiero%cc%88lfilter-28l","status":"publish","type":"product","link":"https:\/\/fettabscheider.tech\/en\/product\/elektrischer-frittiero%cc%88lfilter-28l\/","title":{"rendered":"Elektrischer Frittier\u00f6lfilter 28L"},"content":{"rendered":"<p class=\"translation-block\">Our <strong>frying oil filter <\/strong><strong>with electric pump 28 liters<\/strong> (Ref. MF28- BS505) is a device equipped with a washable filter. The filter itself is available in two versions: as a fine filter with a mesh size of 45 \u00b5m and as a coarser filter (90 \u00b5m) that absorbs larger particles. The filter bag is heat-resistant up to 180\u00b0C, can be washed with hot water and is therefore reusable. Thanks to the very<\/p>\n<p class=\"translation-block\">In addition, the 28L electric frying oil filter offers the <strong>highest level of occupational safety<\/strong> for the personnel handling the still hot used oil.<\/p>\n<p class=\"translation-block\">Our frying oil filters are very simple in design and can clean your frying oil for <strong>many years<\/strong>.<\/p>","protected":false},"excerpt":{"rendered":"<p><strong>Oil filter devices for deep fryers clean the frying oil<\/strong> und tragen dazu bei, dass das \u00d6l l\u00e4nger genutzt werden kann. Dies reduziert die Notwendigkeit eines \u00d6lwechsels und spart somit Zeit und Geld. Frittier\u00f6lfilter sind auch ein wichtiger Bestandteil der K\u00fcchenhygiene und sorgen daf\u00fcr, dass das <strong>Frittierfett sauber und frei von Verunreinigungen<\/strong> bleibt.<a class=\"tab-description\" href=\"#tab-description\">Learn more<\/a><\/p>","protected":false},"featured_media":707,"template":"","meta":{"_acf_changed":false},"product_cat":[28,25],"product_tag":[],"class_list":{"0":"post-567","1":"product","2":"type-product","3":"status-publish","4":"has-post-thumbnail","6":"product_cat-frittieroelfilter-geraete","7":"product_cat-frittieroelfilter","8":"product_shipping_class-filtreuse-friture","10":"entry","11":"has-media","13":"first","14":"instock","15":"taxable","16":"shipping-taxable","17":"purchasable","18":"product-type-simple","19":"has-product-nav","20":"col","21":"span_1_of_4","22":"owp-content-center","23":"owp-thumbs-layout-horizontal","24":"owp-btn-normal","25":"owp-tabs-layout-horizontal"},"acf":[],"yoast_head":"<!-- This site is optimized with the Yoast SEO plugin v25.0 - https:\/\/yoast.com\/wordpress\/plugins\/seo\/ -->\n<title>Elektrischer Frittier\u00f6lfilter 28L - Development Durable<\/title>\n<meta name=\"robots\" content=\"index, follow, max-snippet:-1, max-image-preview:large, max-video-preview:-1\" \/>\n<link rel=\"canonical\" href=\"https:\/\/fettabscheider.tech\/en\/product\/elektrischer-frittiero\u0308lfilter-28l\/\" \/>\n<meta property=\"og:locale\" content=\"en_US\" \/>\n<meta property=\"og:type\" content=\"article\" \/>\n<meta property=\"og:title\" content=\"Elektrischer Frittier\u00f6lfilter 28L - Development Durable\" \/>\n<meta property=\"og:description\" content=\"\u00d6lfilter-Ger\u00e4te f\u00fcr Fritteusen reinigen das Frittier\u00f6l und tragen dazu bei, dass das \u00d6l l\u00e4nger genutzt werden kann. Dies reduziert die Notwendigkeit eines \u00d6lwechsels und spart somit Zeit und Geld. Frittier\u00f6lfilter sind auch ein wichtiger Bestandteil der K\u00fcchenhygiene und sorgen daf\u00fcr, dass das Frittierfett sauber und frei von Verunreinigungen bleibt.Mehr erfahren\" \/>\n<meta property=\"og:url\" content=\"https:\/\/fettabscheider.tech\/en\/product\/elektrischer-frittiero\u0308lfilter-28l\/\" \/>\n<meta property=\"og:site_name\" content=\"Development Durable\" \/>\n<meta property=\"article:modified_time\" content=\"2026-04-02T14:20:34+00:00\" \/>\n<meta property=\"og:image\" content=\"https:\/\/fettabscheider.tech\/wp-content\/uploads\/2024\/05\/machine-de-filtration-et-transport-des-bains-de-friture-a-pompe-electrique-28-litres-3.jpg\" \/>\n\t<meta property=\"og:image:width\" content=\"545\" \/>\n\t<meta property=\"og:image:height\" content=\"545\" \/>\n\t<meta property=\"og:image:type\" content=\"image\/jpeg\" \/>\n<meta name=\"twitter:card\" content=\"summary_large_image\" \/>\n<meta name=\"twitter:label1\" content=\"Est. reading time\" \/>\n\t<meta name=\"twitter:data1\" content=\"1 minute\" \/>\n<script type=\"application\/ld+json\" class=\"yoast-schema-graph\">{\"@context\":\"https:\/\/schema.org\",\"@graph\":[{\"@type\":\"WebPage\",\"@id\":\"https:\/\/fettabscheider.tech\/product\/elektrischer-frittiero%cc%88lfilter-28l\/\",\"url\":\"https:\/\/fettabscheider.tech\/product\/elektrischer-frittiero%cc%88lfilter-28l\/\",\"name\":\"Elektrischer Frittier\u00f6lfilter 28L - Development Durable\",\"isPartOf\":{\"@id\":\"https:\/\/fettabscheider.tech\/#website\"},\"primaryImageOfPage\":{\"@id\":\"https:\/\/fettabscheider.tech\/product\/elektrischer-frittiero%cc%88lfilter-28l\/#primaryimage\"},\"image\":{\"@id\":\"https:\/\/fettabscheider.tech\/product\/elektrischer-frittiero%cc%88lfilter-28l\/#primaryimage\"},\"thumbnailUrl\":\"https:\/\/fettabscheider.tech\/wp-content\/uploads\/2024\/05\/machine-de-filtration-et-transport-des-bains-de-friture-a-pompe-electrique-28-litres-3.jpg\",\"datePublished\":\"2024-05-03T06:34:31+00:00\",\"dateModified\":\"2026-04-02T14:20:34+00:00\",\"breadcrumb\":{\"@id\":\"https:\/\/fettabscheider.tech\/product\/elektrischer-frittiero%cc%88lfilter-28l\/#breadcrumb\"},\"inLanguage\":\"en-US\",\"potentialAction\":[{\"@type\":\"ReadAction\",\"target\":[\"https:\/\/fettabscheider.tech\/product\/elektrischer-frittiero%cc%88lfilter-28l\/\"]}]},{\"@type\":\"ImageObject\",\"inLanguage\":\"en-US\",\"@id\":\"https:\/\/fettabscheider.tech\/product\/elektrischer-frittiero%cc%88lfilter-28l\/#primaryimage\",\"url\":\"https:\/\/fettabscheider.tech\/wp-content\/uploads\/2024\/05\/machine-de-filtration-et-transport-des-bains-de-friture-a-pompe-electrique-28-litres-3.jpg\",\"contentUrl\":\"https:\/\/fettabscheider.tech\/wp-content\/uploads\/2024\/05\/machine-de-filtration-et-transport-des-bains-de-friture-a-pompe-electrique-28-litres-3.jpg\",\"width\":545,\"height\":545},{\"@type\":\"BreadcrumbList\",\"@id\":\"https:\/\/fettabscheider.tech\/product\/elektrischer-frittiero%cc%88lfilter-28l\/#breadcrumb\",\"itemListElement\":[{\"@type\":\"ListItem\",\"position\":1,\"name\":\"Home\",\"item\":\"https:\/\/fettabscheider.tech\/\"},{\"@type\":\"ListItem\",\"position\":2,\"name\":\"Shop\",\"item\":\"https:\/\/fettabscheider.tech\/shop\/\"},{\"@type\":\"ListItem\",\"position\":3,\"name\":\"Elektrischer Frittier\u00f6lfilter 28L\"}]},{\"@type\":\"WebSite\",\"@id\":\"https:\/\/fettabscheider.tech\/#website\",\"url\":\"https:\/\/fettabscheider.tech\/\",\"name\":\"Development Durable\",\"description\":\"\",\"potentialAction\":[{\"@type\":\"SearchAction\",\"target\":{\"@type\":\"EntryPoint\",\"urlTemplate\":\"https:\/\/fettabscheider.tech\/?s={search_term_string}\"},\"query-input\":{\"@type\":\"PropertyValueSpecification\",\"valueRequired\":true,\"valueName\":\"search_term_string\"}}],\"inLanguage\":\"en-US\"}]}<\/script>\n<!-- \/ Yoast SEO plugin. -->","yoast_head_json":{"title":"Elektrischer Frittier\u00f6lfilter 28L - Development Durable","robots":{"index":"index","follow":"follow","max-snippet":"max-snippet:-1","max-image-preview":"max-image-preview:large","max-video-preview":"max-video-preview:-1"},"canonical":"https:\/\/fettabscheider.tech\/en\/product\/elektrischer-frittiero\u0308lfilter-28l\/","og_locale":"en_US","og_type":"article","og_title":"Elektrischer Frittier\u00f6lfilter 28L - Development Durable","og_description":"\u00d6lfilter-Ger\u00e4te f\u00fcr Fritteusen reinigen das Frittier\u00f6l und tragen dazu bei, dass das \u00d6l l\u00e4nger genutzt werden kann. Dies reduziert die Notwendigkeit eines \u00d6lwechsels und spart somit Zeit und Geld. Frittier\u00f6lfilter sind auch ein wichtiger Bestandteil der K\u00fcchenhygiene und sorgen daf\u00fcr, dass das Frittierfett sauber und frei von Verunreinigungen bleibt.Mehr erfahren","og_url":"https:\/\/fettabscheider.tech\/en\/product\/elektrischer-frittiero\u0308lfilter-28l\/","og_site_name":"Development Durable","article_modified_time":"2026-04-02T14:20:34+00:00","og_image":[{"width":545,"height":545,"url":"https:\/\/fettabscheider.tech\/wp-content\/uploads\/2024\/05\/machine-de-filtration-et-transport-des-bains-de-friture-a-pompe-electrique-28-litres-3.jpg","type":"image\/jpeg"}],"twitter_card":"summary_large_image","twitter_misc":{"Est. reading time":"1 minute"},"schema":{"@context":"https:\/\/schema.org","@graph":[{"@type":"WebPage","@id":"https:\/\/fettabscheider.tech\/product\/elektrischer-frittiero%cc%88lfilter-28l\/","url":"https:\/\/fettabscheider.tech\/product\/elektrischer-frittiero%cc%88lfilter-28l\/","name":"Elektrischer Frittier\u00f6lfilter 28L - Development Durable","isPartOf":{"@id":"https:\/\/fettabscheider.tech\/#website"},"primaryImageOfPage":{"@id":"https:\/\/fettabscheider.tech\/product\/elektrischer-frittiero%cc%88lfilter-28l\/#primaryimage"},"image":{"@id":"https:\/\/fettabscheider.tech\/product\/elektrischer-frittiero%cc%88lfilter-28l\/#primaryimage"},"thumbnailUrl":"https:\/\/fettabscheider.tech\/wp-content\/uploads\/2024\/05\/machine-de-filtration-et-transport-des-bains-de-friture-a-pompe-electrique-28-litres-3.jpg","datePublished":"2024-05-03T06:34:31+00:00","dateModified":"2026-04-02T14:20:34+00:00","breadcrumb":{"@id":"https:\/\/fettabscheider.tech\/product\/elektrischer-frittiero%cc%88lfilter-28l\/#breadcrumb"},"inLanguage":"en-US","potentialAction":[{"@type":"ReadAction","target":["https:\/\/fettabscheider.tech\/product\/elektrischer-frittiero%cc%88lfilter-28l\/"]}]},{"@type":"ImageObject","inLanguage":"en-US","@id":"https:\/\/fettabscheider.tech\/product\/elektrischer-frittiero%cc%88lfilter-28l\/#primaryimage","url":"https:\/\/fettabscheider.tech\/wp-content\/uploads\/2024\/05\/machine-de-filtration-et-transport-des-bains-de-friture-a-pompe-electrique-28-litres-3.jpg","contentUrl":"https:\/\/fettabscheider.tech\/wp-content\/uploads\/2024\/05\/machine-de-filtration-et-transport-des-bains-de-friture-a-pompe-electrique-28-litres-3.jpg","width":545,"height":545},{"@type":"BreadcrumbList","@id":"https:\/\/fettabscheider.tech\/product\/elektrischer-frittiero%cc%88lfilter-28l\/#breadcrumb","itemListElement":[{"@type":"ListItem","position":1,"name":"Home","item":"https:\/\/fettabscheider.tech\/"},{"@type":"ListItem","position":2,"name":"Shop","item":"https:\/\/fettabscheider.tech\/shop\/"},{"@type":"ListItem","position":3,"name":"Elektrischer Frittier\u00f6lfilter 28L"}]},{"@type":"WebSite","@id":"https:\/\/fettabscheider.tech\/#website","url":"https:\/\/fettabscheider.tech\/","name":"Development Durable","description":"","potentialAction":[{"@type":"SearchAction","target":{"@type":"EntryPoint","urlTemplate":"https:\/\/fettabscheider.tech\/?s={search_term_string}"},"query-input":{"@type":"PropertyValueSpecification","valueRequired":true,"valueName":"search_term_string"}}],"inLanguage":"en-US"}]}},"_links":{"self":[{"href":"https:\/\/fettabscheider.tech\/en\/wp-json\/wp\/v2\/product\/567","targetHints":{"allow":["GET"]}}],"collection":[{"href":"https:\/\/fettabscheider.tech\/en\/wp-json\/wp\/v2\/product"}],"about":[{"href":"https:\/\/fettabscheider.tech\/en\/wp-json\/wp\/v2\/types\/product"}],"wp:featuredmedia":[{"embeddable":true,"href":"https:\/\/fettabscheider.tech\/en\/wp-json\/wp\/v2\/media\/707"}],"wp:attachment":[{"href":"https:\/\/fettabscheider.tech\/en\/wp-json\/wp\/v2\/media?parent=567"}],"wp:term":[{"taxonomy":"product_cat","embeddable":true,"href":"https:\/\/fettabscheider.tech\/en\/wp-json\/wp\/v2\/product_cat?post=567"},{"taxonomy":"product_tag","embeddable":true,"href":"https:\/\/fettabscheider.tech\/en\/wp-json\/wp\/v2\/product_tag?post=567"}],"curies":[{"name":"wp","href":"https:\/\/api.w.org\/{rel}","templated":true}]}}