{"id":13,"date":"2024-01-30T10:23:54","date_gmt":"2024-01-30T10:23:54","guid":{"rendered":"https:\/\/fettabscheider.tech\/?post_type=product&#038;p=13"},"modified":"2026-04-02T14:08:19","modified_gmt":"2026-04-02T14:08:19","slug":"bagt-compact","status":"publish","type":"product","link":"https:\/\/fettabscheider.tech\/en\/product\/bagt-compact\/","title":{"rendered":"BAGT COMPACT"},"content":{"rendered":"<p>Dieser \u00d6labscheider besteht aus lebensmittelechtem, <strong>rostfreiem Edelstahl<\/strong> 304L, wiegt 25 kg und bietet eine <strong>Garantie f\u00fcr Qualit\u00e4t und Nachhaltigkeit<\/strong>. Da f\u00fcr seinen Betrieb kein Stromanschluss erforderlich ist, <strong>kann er nicht ausfallen<\/strong>.<\/p>\n<p>Das <strong>highly efficient slat system<\/strong> aus der Industrietechnologie garantiert einen hohen Abscheidegrad. Der Fettabscheider BAGT Compact kann 2 Liter Fett speichern.<\/p>\n<p>Der Deckel l\u00e4sst sich anhand von Spannverschl\u00fcssen schlie\u00dfen, so dass der Fettabscheider immer <strong>gut abgedichtet<\/strong> is. The practical feet included make cleaning under the separator easy. If necessary, they can be shortened or removed completely to adjust the height under the sink. To optimize installation time, this will <strong>Zubeh\u00f6r f\u00fcr den Anschluss<\/strong> <strong>an das Abwassersystem<\/strong> mitgeliefert. Wenn Sie zus\u00e4tzlich eine Hebeanlage ben\u00f6tigen, empfehlen wir Sanicom 1 oder Sanicom 2.<\/p>\n<h4>Your advantages<\/h4>\n<ul>\n<li style=\"list-style-type: none\">\n<ul>\n<li><strong>Easy and quick emptying of fats and oils<\/strong><\/li>\n<li><strong>Can be set up freely<\/strong> with little space requirement<\/li>\n<li><strong>5 year guarantee<\/strong><\/li>\n<li><strong>High quality and durability<\/strong>: Der Fettabscheider BAGT Compact ist mit dem LONGTIME\u00ae Label zertifiziert, das f\u00fcr Produkte mit langer Lebensdauer von der \u00d6ko-Kontrollstelle Ecocert vergeben wird.<\/li>\n<li>Years of experience<\/li>\n<li>For maintenance <strong>kein Fachpersonal ben\u00f6tigt<\/strong>.<\/li>\n<li class=\"translation-block\"><strong>No electricity<\/strong> is required.<\/li>\n<li class=\"translation-block\">This fat separator is environmentally friendly and contributes to the sustainable energetic utilization of waste: the collected oils and fats can be reused, e.g. for the production of biodiesel.<\/li>\n<li>Connection accessories and feet are included.<\/li>\n<\/ul>\n<\/li>\n<\/ul>","protected":false},"excerpt":{"rendered":"<p>Der Fettabscheider BAGT Compact wurde f\u00fcr Restaurants entwickelt, die <strong>von 10 bis zu 90 Essen pro Tag<\/strong> servieren. Er wird <strong>unter der Sp\u00fcle<\/strong> (Untertisch) in der K\u00fcche angebracht.<\/p>\n<p><a class=\"tab-description\" href=\"#tab-description\">Learn more<\/a><\/p>","protected":false},"featured_media":632,"template":"","meta":{"_acf_changed":false},"product_cat":[15,22],"product_tag":[],"class_list":{"0":"post-13","1":"product","2":"type-product","3":"status-publish","4":"has-post-thumbnail","6":"product_cat-bagt-compact-90-essen-tag","7":"product_cat-fettabscheider","8":"product_shipping_class-bagt-compact-shipping","10":"entry","11":"has-media","13":"first","14":"instock","15":"taxable","16":"shipping-taxable","17":"purchasable","18":"product-type-simple","19":"has-product-nav","20":"col","21":"span_1_of_4","22":"owp-content-center","23":"owp-thumbs-layout-horizontal","24":"owp-btn-normal","25":"owp-tabs-layout-horizontal"},"acf":[],"yoast_head":"<!-- This site is optimized with the Yoast SEO plugin v25.0 - https:\/\/yoast.com\/wordpress\/plugins\/seo\/ -->\n<title>BAGT COMPACT - Development Durable<\/title>\n<meta name=\"robots\" content=\"index, follow, max-snippet:-1, max-image-preview:large, max-video-preview:-1\" \/>\n<link rel=\"canonical\" href=\"https:\/\/fettabscheider.tech\/en\/product\/bagt-compact\/\" \/>\n<meta property=\"og:locale\" content=\"en_US\" \/>\n<meta property=\"og:type\" content=\"article\" \/>\n<meta property=\"og:title\" content=\"BAGT COMPACT - Development Durable\" \/>\n<meta property=\"og:description\" content=\"Der Fettabscheider BAGT Compact wurde f\u00fcr Restaurants entwickelt, die von 10 bis zu 90 Essen pro Tag servieren. Er wird unter der Sp\u00fcle (Untertisch) in der K\u00fcche angebracht.  Mehr erfahren\" \/>\n<meta property=\"og:url\" content=\"https:\/\/fettabscheider.tech\/en\/product\/bagt-compact\/\" \/>\n<meta property=\"og:site_name\" content=\"Development Durable\" \/>\n<meta property=\"article:modified_time\" content=\"2026-04-02T14:08:19+00:00\" \/>\n<meta property=\"og:image\" content=\"https:\/\/fettabscheider.tech\/wp-content\/uploads\/2024\/01\/1.-BAGT-Compact_side-1.jpg\" \/>\n\t<meta property=\"og:image:width\" content=\"1636\" \/>\n\t<meta property=\"og:image:height\" content=\"1636\" \/>\n\t<meta property=\"og:image:type\" content=\"image\/jpeg\" \/>\n<meta name=\"twitter:card\" content=\"summary_large_image\" \/>\n<meta name=\"twitter:label1\" content=\"Est. reading time\" \/>\n\t<meta name=\"twitter:data1\" content=\"2 minutes\" \/>\n<script type=\"application\/ld+json\" class=\"yoast-schema-graph\">{\"@context\":\"https:\/\/schema.org\",\"@graph\":[{\"@type\":\"WebPage\",\"@id\":\"https:\/\/fettabscheider.tech\/product\/bagt-compact\/\",\"url\":\"https:\/\/fettabscheider.tech\/product\/bagt-compact\/\",\"name\":\"BAGT COMPACT - Development Durable\",\"isPartOf\":{\"@id\":\"https:\/\/fettabscheider.tech\/#website\"},\"primaryImageOfPage\":{\"@id\":\"https:\/\/fettabscheider.tech\/product\/bagt-compact\/#primaryimage\"},\"image\":{\"@id\":\"https:\/\/fettabscheider.tech\/product\/bagt-compact\/#primaryimage\"},\"thumbnailUrl\":\"https:\/\/fettabscheider.tech\/wp-content\/uploads\/2024\/01\/1.-BAGT-Compact_side-1.jpg\",\"datePublished\":\"2024-01-30T10:23:54+00:00\",\"dateModified\":\"2026-04-02T14:08:19+00:00\",\"breadcrumb\":{\"@id\":\"https:\/\/fettabscheider.tech\/product\/bagt-compact\/#breadcrumb\"},\"inLanguage\":\"en-US\",\"potentialAction\":[{\"@type\":\"ReadAction\",\"target\":[\"https:\/\/fettabscheider.tech\/product\/bagt-compact\/\"]}]},{\"@type\":\"ImageObject\",\"inLanguage\":\"en-US\",\"@id\":\"https:\/\/fettabscheider.tech\/product\/bagt-compact\/#primaryimage\",\"url\":\"https:\/\/fettabscheider.tech\/wp-content\/uploads\/2024\/01\/1.-BAGT-Compact_side-1.jpg\",\"contentUrl\":\"https:\/\/fettabscheider.tech\/wp-content\/uploads\/2024\/01\/1.-BAGT-Compact_side-1.jpg\",\"width\":1636,\"height\":1636},{\"@type\":\"BreadcrumbList\",\"@id\":\"https:\/\/fettabscheider.tech\/product\/bagt-compact\/#breadcrumb\",\"itemListElement\":[{\"@type\":\"ListItem\",\"position\":1,\"name\":\"Home\",\"item\":\"https:\/\/fettabscheider.tech\/\"},{\"@type\":\"ListItem\",\"position\":2,\"name\":\"Shop\",\"item\":\"https:\/\/fettabscheider.tech\/shop\/\"},{\"@type\":\"ListItem\",\"position\":3,\"name\":\"BAGT COMPACT\"}]},{\"@type\":\"WebSite\",\"@id\":\"https:\/\/fettabscheider.tech\/#website\",\"url\":\"https:\/\/fettabscheider.tech\/\",\"name\":\"Development Durable\",\"description\":\"\",\"potentialAction\":[{\"@type\":\"SearchAction\",\"target\":{\"@type\":\"EntryPoint\",\"urlTemplate\":\"https:\/\/fettabscheider.tech\/?s={search_term_string}\"},\"query-input\":{\"@type\":\"PropertyValueSpecification\",\"valueRequired\":true,\"valueName\":\"search_term_string\"}}],\"inLanguage\":\"en-US\"}]}<\/script>\n<!-- \/ Yoast SEO plugin. -->","yoast_head_json":{"title":"BAGT COMPACT - Development Durable","robots":{"index":"index","follow":"follow","max-snippet":"max-snippet:-1","max-image-preview":"max-image-preview:large","max-video-preview":"max-video-preview:-1"},"canonical":"https:\/\/fettabscheider.tech\/en\/product\/bagt-compact\/","og_locale":"en_US","og_type":"article","og_title":"BAGT COMPACT - Development Durable","og_description":"Der Fettabscheider BAGT Compact wurde f\u00fcr Restaurants entwickelt, die von 10 bis zu 90 Essen pro Tag servieren. Er wird unter der Sp\u00fcle (Untertisch) in der K\u00fcche angebracht.  Mehr erfahren","og_url":"https:\/\/fettabscheider.tech\/en\/product\/bagt-compact\/","og_site_name":"Development Durable","article_modified_time":"2026-04-02T14:08:19+00:00","og_image":[{"width":1636,"height":1636,"url":"https:\/\/fettabscheider.tech\/wp-content\/uploads\/2024\/01\/1.-BAGT-Compact_side-1.jpg","type":"image\/jpeg"}],"twitter_card":"summary_large_image","twitter_misc":{"Est. reading time":"2 minutes"},"schema":{"@context":"https:\/\/schema.org","@graph":[{"@type":"WebPage","@id":"https:\/\/fettabscheider.tech\/product\/bagt-compact\/","url":"https:\/\/fettabscheider.tech\/product\/bagt-compact\/","name":"BAGT COMPACT - Development Durable","isPartOf":{"@id":"https:\/\/fettabscheider.tech\/#website"},"primaryImageOfPage":{"@id":"https:\/\/fettabscheider.tech\/product\/bagt-compact\/#primaryimage"},"image":{"@id":"https:\/\/fettabscheider.tech\/product\/bagt-compact\/#primaryimage"},"thumbnailUrl":"https:\/\/fettabscheider.tech\/wp-content\/uploads\/2024\/01\/1.-BAGT-Compact_side-1.jpg","datePublished":"2024-01-30T10:23:54+00:00","dateModified":"2026-04-02T14:08:19+00:00","breadcrumb":{"@id":"https:\/\/fettabscheider.tech\/product\/bagt-compact\/#breadcrumb"},"inLanguage":"en-US","potentialAction":[{"@type":"ReadAction","target":["https:\/\/fettabscheider.tech\/product\/bagt-compact\/"]}]},{"@type":"ImageObject","inLanguage":"en-US","@id":"https:\/\/fettabscheider.tech\/product\/bagt-compact\/#primaryimage","url":"https:\/\/fettabscheider.tech\/wp-content\/uploads\/2024\/01\/1.-BAGT-Compact_side-1.jpg","contentUrl":"https:\/\/fettabscheider.tech\/wp-content\/uploads\/2024\/01\/1.-BAGT-Compact_side-1.jpg","width":1636,"height":1636},{"@type":"BreadcrumbList","@id":"https:\/\/fettabscheider.tech\/product\/bagt-compact\/#breadcrumb","itemListElement":[{"@type":"ListItem","position":1,"name":"Home","item":"https:\/\/fettabscheider.tech\/"},{"@type":"ListItem","position":2,"name":"Shop","item":"https:\/\/fettabscheider.tech\/shop\/"},{"@type":"ListItem","position":3,"name":"BAGT COMPACT"}]},{"@type":"WebSite","@id":"https:\/\/fettabscheider.tech\/#website","url":"https:\/\/fettabscheider.tech\/","name":"Development Durable","description":"","potentialAction":[{"@type":"SearchAction","target":{"@type":"EntryPoint","urlTemplate":"https:\/\/fettabscheider.tech\/?s={search_term_string}"},"query-input":{"@type":"PropertyValueSpecification","valueRequired":true,"valueName":"search_term_string"}}],"inLanguage":"en-US"}]}},"_links":{"self":[{"href":"https:\/\/fettabscheider.tech\/en\/wp-json\/wp\/v2\/product\/13","targetHints":{"allow":["GET"]}}],"collection":[{"href":"https:\/\/fettabscheider.tech\/en\/wp-json\/wp\/v2\/product"}],"about":[{"href":"https:\/\/fettabscheider.tech\/en\/wp-json\/wp\/v2\/types\/product"}],"wp:featuredmedia":[{"embeddable":true,"href":"https:\/\/fettabscheider.tech\/en\/wp-json\/wp\/v2\/media\/632"}],"wp:attachment":[{"href":"https:\/\/fettabscheider.tech\/en\/wp-json\/wp\/v2\/media?parent=13"}],"wp:term":[{"taxonomy":"product_cat","embeddable":true,"href":"https:\/\/fettabscheider.tech\/en\/wp-json\/wp\/v2\/product_cat?post=13"},{"taxonomy":"product_tag","embeddable":true,"href":"https:\/\/fettabscheider.tech\/en\/wp-json\/wp\/v2\/product_tag?post=13"}],"curies":[{"name":"wp","href":"https:\/\/api.w.org\/{rel}","templated":true}]}}