{"id":206,"date":"2024-02-16T07:35:34","date_gmt":"2024-02-16T07:35:34","guid":{"rendered":"https:\/\/fettabscheider.tech\/?page_id=206"},"modified":"2024-12-05T23:58:14","modified_gmt":"2024-12-05T23:58:14","slug":"reinigung","status":"publish","type":"page","link":"https:\/\/fettabscheider.tech\/en\/reinigung\/","title":{"rendered":"Cleaning"},"content":{"rendered":"<h4 class=\"wp-block-heading\"><strong>Quick and easy cleaning of the grease separator<\/strong><\/h4><p>Der Fettabscheider muss <strong>regelm\u00e4\u00dfig gereinigt <\/strong>werden, damit er reibungslos funktioniert. Dazu geh\u00f6rt das <strong>Entleeren von festen Abf\u00e4llen und Fetten<\/strong>, die sich w\u00e4hrend des Betriebs angesammelt haben. Wie oft Sie den Fettabscheider reinigen m\u00fcssen h\u00e4ngt davon ab, wie oft Sie ihn benutzen. Bei gewerblichen Anwendern, die gro\u00dfe Mengen an fetthaltigen Abf\u00e4llen entsorgen, muss der Fettabscheider h\u00e4ufiger entleert werden, da sonst das Lamellensystem verstopft und das Ger\u00e4t \u00fcberl\u00e4uft.&nbsp;Auf l\u00e4ngere Sicht ist eine komplette Reinigung des Fettabscheiders erforderlich, um die feinen Abf\u00e4lle am Boden des Ger\u00e4ts zu entfernen.<\/p><p class=\"translation-block\">Unlike other grease separators, our BAGT\u00ae grease separators<strong>do not require specialist personnel to maintain. <\/strong>You can find the complete and detailed process in our video:<\/p><figure class=\"wp-block-embed is-type-video is-provider-youtube wp-block-embed-youtube wp-embed-aspect-16-9 wp-has-aspect-ratio\"><div class=\"wp-block-embed__wrapper\">\n<p class=\"responsive-video-wrap clr\"><iframe loading=\"lazy\" title=\"BAGT Fettabscheider f\u00fcr Restaurant - Reinigung | \u00aeSARL D\u00e9veloppement Durable - Official\" width=\"1200\" height=\"675\" src=\"https:\/\/www.youtube.com\/embed\/YqK1dVoxhso?feature=oembed\" frameborder=\"0\" allow=\"accelerometer; autoplay; clipboard-write; encrypted-media; gyroscope; picture-in-picture; web-share\" referrerpolicy=\"strict-origin-when-cross-origin\" allowfullscreen><\/iframe><\/p>\n<\/div><\/figure><p><\/p><p><\/p><h4 class=\"wp-block-heading\"><strong>How is the grease separator cleaned?<\/strong><\/h4><p>How to clean your grease separator:<\/p><p><strong>Remove solid waste every 2 days:<\/strong><\/p><ul class=\"wp-block-list\"><li>Take out the waste basket.<\/li>\n\n<li>Throw the solid waste into the trash can and rinse the basket.<\/li>\n\n<li>Replace the basket and then the lid.<\/li>\n\n<li>Close the clamp fasteners to ensure that the grease separator is always well sealed.<\/li><\/ul><p><\/p><p><strong>Collect the fat every 2 to 4 days:<\/strong><\/p><ul class=\"wp-block-list\"><li>Close the drain flow control to increase the water level.<\/li>\n\n<li>Then open the grease drain valve and let the grease drain into a container.<\/li>\n\n<li>Close this control as soon as water comes out.<\/li>\n\n<li>Open the water drain control again.<\/li>\n\n<li>This process is best done immediately after washing the dishes, when the water is warm and the fat is still liquid.<\/li><\/ul><p><\/p><p class=\"translation-block\">A <strong>complete cleaning<\/strong> is recommended every 3 months or after a minimum of one week of non-use. For this cleaning <strong>it is not necessary to pump out the grease separator<\/strong>. You only need to dismantle the components of the grease separator (basket, slat system and sheet) to access the bottom. Open the flush water or the lower inlet regulator if it is connected. Then open the outlet regulator. This operation <strong>guarantees the complete cleaning of the grease separator<\/strong>.<\/p><p><\/p><p><\/p><h4 class=\"wp-block-heading\"><strong>Regular maintenance for optimal performance and good wastewater disposal<\/strong><\/h4><p class=\"translation-block\">Cleaning the grease trap is essential to ensure proper performance. Our grease traps are made of food-grade 304L stainless steel, which requires very little maintenance and offers a very high guarantee of quality and durability. With regular cleaning, which can be integrated into the daily cleaning process, optimal maintenance can be achieved <strong>in less than 5 minutes<\/strong>.<\/p><p>To ensure good wastewater disposal with the grease separator, you should remember <strong>Empty and clean the grease separator as often as necessary<\/strong>The collected oils and fats can be stored in a barrel before being handed over to a specialist company. They can then be used as raw material for the production of biodiesel, for example. Finally, the oil and fat-free waste water from the grease separator flows into the public sewer system.<\/p>","protected":false},"excerpt":{"rendered":"<p>Schnelle und einfache Reinigung des Fettabscheiders Der Fettabscheider muss regelm\u00e4\u00dfig gereinigt werden, damit er reibungslos funktioniert. Dazu geh\u00f6rt das Entleeren von festen Abf\u00e4llen und Fetten, die sich w\u00e4hrend des Betriebs angesammelt haben. Wie oft Sie den Fettabscheider reinigen m\u00fcssen h\u00e4ngt davon ab, wie oft Sie ihn benutzen. Bei gewerblichen Anwendern, die gro\u00dfe Mengen an fetthaltigen [&hellip;]<\/p>","protected":false},"author":2,"featured_media":0,"parent":0,"menu_order":0,"comment_status":"closed","ping_status":"closed","template":"","meta":{"_acf_changed":false,"footnotes":""},"class_list":["post-206","page","type-page","status-publish","hentry","entry","owp-thumbs-layout-horizontal","owp-btn-normal","owp-tabs-layout-horizontal","has-no-thumbnails","has-product-nav"],"acf":[],"yoast_head":"<!-- This site is optimized with the Yoast SEO plugin v25.0 - https:\/\/yoast.com\/wordpress\/plugins\/seo\/ -->\n<title>Reinigung - Development Durable<\/title>\n<meta name=\"robots\" content=\"index, follow, max-snippet:-1, max-image-preview:large, max-video-preview:-1\" \/>\n<link rel=\"canonical\" href=\"https:\/\/fettabscheider.tech\/en\/reinigung\/\" \/>\n<meta property=\"og:locale\" content=\"en_US\" \/>\n<meta property=\"og:type\" content=\"article\" \/>\n<meta property=\"og:title\" content=\"Reinigung - Development Durable\" \/>\n<meta property=\"og:description\" content=\"Schnelle und einfache Reinigung des Fettabscheiders Der Fettabscheider muss regelm\u00e4\u00dfig gereinigt werden, damit er reibungslos funktioniert. Dazu geh\u00f6rt das Entleeren von festen Abf\u00e4llen und Fetten, die sich w\u00e4hrend des Betriebs angesammelt haben. Wie oft Sie den Fettabscheider reinigen m\u00fcssen h\u00e4ngt davon ab, wie oft Sie ihn benutzen. Bei gewerblichen Anwendern, die gro\u00dfe Mengen an fetthaltigen [&hellip;]\" \/>\n<meta property=\"og:url\" content=\"https:\/\/fettabscheider.tech\/en\/reinigung\/\" \/>\n<meta property=\"og:site_name\" content=\"Development Durable\" \/>\n<meta property=\"article:modified_time\" content=\"2024-12-05T23:58:14+00:00\" \/>\n<meta name=\"twitter:card\" content=\"summary_large_image\" \/>\n<meta name=\"twitter:label1\" content=\"Est. reading time\" \/>\n\t<meta name=\"twitter:data1\" content=\"3 minutes\" \/>\n<script type=\"application\/ld+json\" class=\"yoast-schema-graph\">{\"@context\":\"https:\/\/schema.org\",\"@graph\":[{\"@type\":\"WebPage\",\"@id\":\"https:\/\/fettabscheider.tech\/reinigung\/\",\"url\":\"https:\/\/fettabscheider.tech\/reinigung\/\",\"name\":\"Reinigung - Development Durable\",\"isPartOf\":{\"@id\":\"https:\/\/fettabscheider.tech\/#website\"},\"datePublished\":\"2024-02-16T07:35:34+00:00\",\"dateModified\":\"2024-12-05T23:58:14+00:00\",\"breadcrumb\":{\"@id\":\"https:\/\/fettabscheider.tech\/reinigung\/#breadcrumb\"},\"inLanguage\":\"en-US\",\"potentialAction\":[{\"@type\":\"ReadAction\",\"target\":[\"https:\/\/fettabscheider.tech\/reinigung\/\"]}]},{\"@type\":\"BreadcrumbList\",\"@id\":\"https:\/\/fettabscheider.tech\/reinigung\/#breadcrumb\",\"itemListElement\":[{\"@type\":\"ListItem\",\"position\":1,\"name\":\"Home\",\"item\":\"https:\/\/fettabscheider.tech\/\"},{\"@type\":\"ListItem\",\"position\":2,\"name\":\"Reinigung\"}]},{\"@type\":\"WebSite\",\"@id\":\"https:\/\/fettabscheider.tech\/#website\",\"url\":\"https:\/\/fettabscheider.tech\/\",\"name\":\"Development Durable\",\"description\":\"\",\"potentialAction\":[{\"@type\":\"SearchAction\",\"target\":{\"@type\":\"EntryPoint\",\"urlTemplate\":\"https:\/\/fettabscheider.tech\/?s={search_term_string}\"},\"query-input\":{\"@type\":\"PropertyValueSpecification\",\"valueRequired\":true,\"valueName\":\"search_term_string\"}}],\"inLanguage\":\"en-US\"}]}<\/script>\n<!-- \/ Yoast SEO plugin. -->","yoast_head_json":{"title":"Reinigung - Development Durable","robots":{"index":"index","follow":"follow","max-snippet":"max-snippet:-1","max-image-preview":"max-image-preview:large","max-video-preview":"max-video-preview:-1"},"canonical":"https:\/\/fettabscheider.tech\/en\/reinigung\/","og_locale":"en_US","og_type":"article","og_title":"Reinigung - Development Durable","og_description":"Schnelle und einfache Reinigung des Fettabscheiders Der Fettabscheider muss regelm\u00e4\u00dfig gereinigt werden, damit er reibungslos funktioniert. Dazu geh\u00f6rt das Entleeren von festen Abf\u00e4llen und Fetten, die sich w\u00e4hrend des Betriebs angesammelt haben. Wie oft Sie den Fettabscheider reinigen m\u00fcssen h\u00e4ngt davon ab, wie oft Sie ihn benutzen. Bei gewerblichen Anwendern, die gro\u00dfe Mengen an fetthaltigen [&hellip;]","og_url":"https:\/\/fettabscheider.tech\/en\/reinigung\/","og_site_name":"Development Durable","article_modified_time":"2024-12-05T23:58:14+00:00","twitter_card":"summary_large_image","twitter_misc":{"Est. reading time":"3 minutes"},"schema":{"@context":"https:\/\/schema.org","@graph":[{"@type":"WebPage","@id":"https:\/\/fettabscheider.tech\/reinigung\/","url":"https:\/\/fettabscheider.tech\/reinigung\/","name":"Reinigung - Development Durable","isPartOf":{"@id":"https:\/\/fettabscheider.tech\/#website"},"datePublished":"2024-02-16T07:35:34+00:00","dateModified":"2024-12-05T23:58:14+00:00","breadcrumb":{"@id":"https:\/\/fettabscheider.tech\/reinigung\/#breadcrumb"},"inLanguage":"en-US","potentialAction":[{"@type":"ReadAction","target":["https:\/\/fettabscheider.tech\/reinigung\/"]}]},{"@type":"BreadcrumbList","@id":"https:\/\/fettabscheider.tech\/reinigung\/#breadcrumb","itemListElement":[{"@type":"ListItem","position":1,"name":"Home","item":"https:\/\/fettabscheider.tech\/"},{"@type":"ListItem","position":2,"name":"Reinigung"}]},{"@type":"WebSite","@id":"https:\/\/fettabscheider.tech\/#website","url":"https:\/\/fettabscheider.tech\/","name":"Development Durable","description":"","potentialAction":[{"@type":"SearchAction","target":{"@type":"EntryPoint","urlTemplate":"https:\/\/fettabscheider.tech\/?s={search_term_string}"},"query-input":{"@type":"PropertyValueSpecification","valueRequired":true,"valueName":"search_term_string"}}],"inLanguage":"en-US"}]}},"_links":{"self":[{"href":"https:\/\/fettabscheider.tech\/en\/wp-json\/wp\/v2\/pages\/206","targetHints":{"allow":["GET"]}}],"collection":[{"href":"https:\/\/fettabscheider.tech\/en\/wp-json\/wp\/v2\/pages"}],"about":[{"href":"https:\/\/fettabscheider.tech\/en\/wp-json\/wp\/v2\/types\/page"}],"author":[{"embeddable":true,"href":"https:\/\/fettabscheider.tech\/en\/wp-json\/wp\/v2\/users\/2"}],"replies":[{"embeddable":true,"href":"https:\/\/fettabscheider.tech\/en\/wp-json\/wp\/v2\/comments?post=206"}],"version-history":[{"count":19,"href":"https:\/\/fettabscheider.tech\/en\/wp-json\/wp\/v2\/pages\/206\/revisions"}],"predecessor-version":[{"id":839,"href":"https:\/\/fettabscheider.tech\/en\/wp-json\/wp\/v2\/pages\/206\/revisions\/839"}],"wp:attachment":[{"href":"https:\/\/fettabscheider.tech\/en\/wp-json\/wp\/v2\/media?parent=206"}],"curies":[{"name":"wp","href":"https:\/\/api.w.org\/{rel}","templated":true}]}}