{"id":204,"date":"2024-02-16T07:35:18","date_gmt":"2024-02-16T07:35:18","guid":{"rendered":"https:\/\/fettabscheider.tech\/?page_id=204"},"modified":"2024-12-05T23:41:44","modified_gmt":"2024-12-05T23:41:44","slug":"installation","status":"publish","type":"page","link":"https:\/\/fettabscheider.tech\/en\/installation\/","title":{"rendered":"Installation"},"content":{"rendered":"<h2 class=\"wp-block-heading\"><strong>Installation of the BAGT\u00ae grease separators<\/strong><\/h2><p class=\"translation-block\">The installation of grease traps in the kitchen is usually carried out by a professional, but you can also do it yourself with a few basics of plumbing technology. The grease trap is ideally installed under the sink if the available volume is sufficient. You should allow at least 10 cm above the grease trap to open the lid and 15 cm on each side for the connections. The complete and detailed procedure for installing the grease trap can be found in our video:<\/p><figure class=\"wp-block-embed is-type-video is-provider-youtube wp-block-embed-youtube wp-embed-aspect-16-9 wp-has-aspect-ratio\"><div class=\"wp-block-embed__wrapper\">\n<p class=\"responsive-video-wrap clr\"><iframe loading=\"lazy\" title=\"BAGT Fettabscheider f\u00fcr Restaurant - Installation | \u00aeSARL D\u00e9veloppement Durable - Official\" width=\"1200\" height=\"675\" src=\"https:\/\/www.youtube.com\/embed\/V1N4Bdgs2dQ?start=1&#038;feature=oembed\" frameborder=\"0\" allow=\"accelerometer; autoplay; clipboard-write; encrypted-media; gyroscope; picture-in-picture; web-share\" referrerpolicy=\"strict-origin-when-cross-origin\" allowfullscreen><\/iframe><\/p>\n<\/div><\/figure><p><\/p><h4 class=\"wp-block-heading\"><strong>Connecting the grease separator<\/strong><\/h4><p class=\"translation-block\">The grease trap is connected between the sink and the drain into the sewer system. The waste water inlet in the grease separator is connected to the siphon under the sink.<\/p><p>It is worth using a gooseneck to avoid blockages. The basket is there to catch solid waste.<\/p><p>The grease separator has a PVC flow regulator DN50 and a brass outlet regulator 1 \u00bc\" for draining the grease as well as an outlet regulator for emptying the collecting container. An additional inlet regulator is supplied for refilling water if the device is installed away from the sink.<\/p><p>Auf der Wasserablaufseite wird die Fettabscheideranlage <strong>an das Abwassersystem bzw. an die \u00f6ffentliche Kanalisation angeschlossen<\/strong>. Der PVC-Durchflussregler DN50 (im normalen Betrieb offen) blockiert das Wasser, damit das Fett auf der Vorderseite abflie\u00dfen kann (durch den Auslaufregler 1 \u00bc&#8220;).<br>If possible, close the drain regulator at the bottom to empty the device if necessary. Open this regulator to drain the fine debris at the bottom of the separator.<\/p><p>If the grease trap is not directly under the sink, the water must be connected to the 1\/2\u2033 inlet regulator. However, this regulator always remains closed unless you want to drain the grease.<\/p><h4 class=\"wp-block-heading\"><strong>How the grease separator works<\/strong><\/h4><p>The BAGT grease separator was specially developed to <strong>ohne Strom \/ elektrischen Anschluss<\/strong> to function. This means that it cannot fail and is practical to use at the same time. The waste water (consisting of water, grease and solid waste) from the sink goes into the basket of the grease separator. This basket, with a 2 mm mesh size, catches the solid waste above the water so that nothing drips down when it is removed. This basket is very easy to access and should be emptied daily if possible.<\/p><p class=\"translation-block\">The solids then separate from the fatty water and settle. The BAGT\u00ae grease separators work differently because the grease separation process is optimized by the lamella system. The collected oils and fats can be stored in a barrel before being handed over to a specialist company. They can then be used as raw material for the production of biodiesel. Finally, the oil- and grease-free wastewater flows from the grease separator into the public sewer system.<\/p><p><\/p><h4 class=\"wp-block-heading\"><strong>Quick and easy installation<\/strong><\/h4><p class=\"translation-block\">Installing the grease trap under the sink is made easier by the slat system. It is simple and quick, takes less than half a day and is usually carried out by a professional. This type of grease trap does not require major installation work, but in return requires regular cleaning.<\/p><p>Im Gegensatz dazu ist die Installation von Fettabscheidern, die in die Erde eingebaut werden, wesentlich aufw\u00e4ndiger. Au\u00dferdem m\u00fcssen diese gr\u00f6\u00dferen Fettabscheider monatlich von einem Fachunternehmen gewartet werden (gem\u00e4\u00df der Norm EN 1825-2).<\/p><p><\/p>","protected":false},"excerpt":{"rendered":"<p>Installation der Fettabscheider BAGT\u00ae Die Installation der Fettabscheider in der K\u00fcche wird in der Regel von einem Fachmann durchgef\u00fchrt, kann aber mit einigen Grundlagen der Sanit\u00e4rtechnik auch selbst vorgenommen werden. Der Einbau des Fettabscheiders wird idealerweise unter der Sp\u00fcle vorgenommen, wenn das verf\u00fcgbare Volumen ausreichend ist. Sie sollten mindestens 10 cm oberhalb des Fettabscheiders einplanen, [&hellip;]<\/p>","protected":false},"author":2,"featured_media":0,"parent":0,"menu_order":0,"comment_status":"closed","ping_status":"closed","template":"","meta":{"_acf_changed":false,"footnotes":""},"class_list":["post-204","page","type-page","status-publish","hentry","entry","owp-thumbs-layout-horizontal","owp-btn-normal","owp-tabs-layout-horizontal","has-no-thumbnails","has-product-nav"],"acf":[],"yoast_head":"<!-- This site is optimized with the Yoast SEO plugin v25.0 - https:\/\/yoast.com\/wordpress\/plugins\/seo\/ -->\n<title>Installation - Development Durable<\/title>\n<meta name=\"robots\" content=\"index, follow, max-snippet:-1, max-image-preview:large, max-video-preview:-1\" \/>\n<link rel=\"canonical\" href=\"https:\/\/fettabscheider.tech\/en\/installation\/\" \/>\n<meta property=\"og:locale\" content=\"en_US\" \/>\n<meta property=\"og:type\" content=\"article\" \/>\n<meta property=\"og:title\" content=\"Installation - Development Durable\" \/>\n<meta property=\"og:description\" content=\"Installation der Fettabscheider BAGT\u00ae Die Installation der Fettabscheider in der K\u00fcche wird in der Regel von einem Fachmann durchgef\u00fchrt, kann aber mit einigen Grundlagen der Sanit\u00e4rtechnik auch selbst vorgenommen werden. Der Einbau des Fettabscheiders wird idealerweise unter der Sp\u00fcle vorgenommen, wenn das verf\u00fcgbare Volumen ausreichend ist. Sie sollten mindestens 10 cm oberhalb des Fettabscheiders einplanen, [&hellip;]\" \/>\n<meta property=\"og:url\" content=\"https:\/\/fettabscheider.tech\/en\/installation\/\" \/>\n<meta property=\"og:site_name\" content=\"Development Durable\" \/>\n<meta property=\"article:modified_time\" content=\"2024-12-05T23:41:44+00:00\" \/>\n<meta name=\"twitter:card\" content=\"summary_large_image\" \/>\n<meta name=\"twitter:label1\" content=\"Est. reading time\" \/>\n\t<meta name=\"twitter:data1\" content=\"3 minutes\" \/>\n<script type=\"application\/ld+json\" class=\"yoast-schema-graph\">{\"@context\":\"https:\/\/schema.org\",\"@graph\":[{\"@type\":\"WebPage\",\"@id\":\"https:\/\/fettabscheider.tech\/installation\/\",\"url\":\"https:\/\/fettabscheider.tech\/installation\/\",\"name\":\"Installation - Development Durable\",\"isPartOf\":{\"@id\":\"https:\/\/fettabscheider.tech\/#website\"},\"datePublished\":\"2024-02-16T07:35:18+00:00\",\"dateModified\":\"2024-12-05T23:41:44+00:00\",\"breadcrumb\":{\"@id\":\"https:\/\/fettabscheider.tech\/installation\/#breadcrumb\"},\"inLanguage\":\"en-US\",\"potentialAction\":[{\"@type\":\"ReadAction\",\"target\":[\"https:\/\/fettabscheider.tech\/installation\/\"]}]},{\"@type\":\"BreadcrumbList\",\"@id\":\"https:\/\/fettabscheider.tech\/installation\/#breadcrumb\",\"itemListElement\":[{\"@type\":\"ListItem\",\"position\":1,\"name\":\"Home\",\"item\":\"https:\/\/fettabscheider.tech\/\"},{\"@type\":\"ListItem\",\"position\":2,\"name\":\"Installation\"}]},{\"@type\":\"WebSite\",\"@id\":\"https:\/\/fettabscheider.tech\/#website\",\"url\":\"https:\/\/fettabscheider.tech\/\",\"name\":\"Development Durable\",\"description\":\"\",\"potentialAction\":[{\"@type\":\"SearchAction\",\"target\":{\"@type\":\"EntryPoint\",\"urlTemplate\":\"https:\/\/fettabscheider.tech\/?s={search_term_string}\"},\"query-input\":{\"@type\":\"PropertyValueSpecification\",\"valueRequired\":true,\"valueName\":\"search_term_string\"}}],\"inLanguage\":\"en-US\"}]}<\/script>\n<!-- \/ Yoast SEO plugin. -->","yoast_head_json":{"title":"Installation - Development Durable","robots":{"index":"index","follow":"follow","max-snippet":"max-snippet:-1","max-image-preview":"max-image-preview:large","max-video-preview":"max-video-preview:-1"},"canonical":"https:\/\/fettabscheider.tech\/en\/installation\/","og_locale":"en_US","og_type":"article","og_title":"Installation - Development Durable","og_description":"Installation der Fettabscheider BAGT\u00ae Die Installation der Fettabscheider in der K\u00fcche wird in der Regel von einem Fachmann durchgef\u00fchrt, kann aber mit einigen Grundlagen der Sanit\u00e4rtechnik auch selbst vorgenommen werden. Der Einbau des Fettabscheiders wird idealerweise unter der Sp\u00fcle vorgenommen, wenn das verf\u00fcgbare Volumen ausreichend ist. Sie sollten mindestens 10 cm oberhalb des Fettabscheiders einplanen, [&hellip;]","og_url":"https:\/\/fettabscheider.tech\/en\/installation\/","og_site_name":"Development Durable","article_modified_time":"2024-12-05T23:41:44+00:00","twitter_card":"summary_large_image","twitter_misc":{"Est. reading time":"3 minutes"},"schema":{"@context":"https:\/\/schema.org","@graph":[{"@type":"WebPage","@id":"https:\/\/fettabscheider.tech\/installation\/","url":"https:\/\/fettabscheider.tech\/installation\/","name":"Installation - Development Durable","isPartOf":{"@id":"https:\/\/fettabscheider.tech\/#website"},"datePublished":"2024-02-16T07:35:18+00:00","dateModified":"2024-12-05T23:41:44+00:00","breadcrumb":{"@id":"https:\/\/fettabscheider.tech\/installation\/#breadcrumb"},"inLanguage":"en-US","potentialAction":[{"@type":"ReadAction","target":["https:\/\/fettabscheider.tech\/installation\/"]}]},{"@type":"BreadcrumbList","@id":"https:\/\/fettabscheider.tech\/installation\/#breadcrumb","itemListElement":[{"@type":"ListItem","position":1,"name":"Home","item":"https:\/\/fettabscheider.tech\/"},{"@type":"ListItem","position":2,"name":"Installation"}]},{"@type":"WebSite","@id":"https:\/\/fettabscheider.tech\/#website","url":"https:\/\/fettabscheider.tech\/","name":"Development Durable","description":"","potentialAction":[{"@type":"SearchAction","target":{"@type":"EntryPoint","urlTemplate":"https:\/\/fettabscheider.tech\/?s={search_term_string}"},"query-input":{"@type":"PropertyValueSpecification","valueRequired":true,"valueName":"search_term_string"}}],"inLanguage":"en-US"}]}},"_links":{"self":[{"href":"https:\/\/fettabscheider.tech\/en\/wp-json\/wp\/v2\/pages\/204","targetHints":{"allow":["GET"]}}],"collection":[{"href":"https:\/\/fettabscheider.tech\/en\/wp-json\/wp\/v2\/pages"}],"about":[{"href":"https:\/\/fettabscheider.tech\/en\/wp-json\/wp\/v2\/types\/page"}],"author":[{"embeddable":true,"href":"https:\/\/fettabscheider.tech\/en\/wp-json\/wp\/v2\/users\/2"}],"replies":[{"embeddable":true,"href":"https:\/\/fettabscheider.tech\/en\/wp-json\/wp\/v2\/comments?post=204"}],"version-history":[{"count":13,"href":"https:\/\/fettabscheider.tech\/en\/wp-json\/wp\/v2\/pages\/204\/revisions"}],"predecessor-version":[{"id":825,"href":"https:\/\/fettabscheider.tech\/en\/wp-json\/wp\/v2\/pages\/204\/revisions\/825"}],"wp:attachment":[{"href":"https:\/\/fettabscheider.tech\/en\/wp-json\/wp\/v2\/media?parent=204"}],"curies":[{"name":"wp","href":"https:\/\/api.w.org\/{rel}","templated":true}]}}