{"id":202,"date":"2024-02-16T07:35:03","date_gmt":"2024-02-16T07:35:03","guid":{"rendered":"https:\/\/fettabscheider.tech\/?page_id=202"},"modified":"2024-12-05T23:38:32","modified_gmt":"2024-12-05T23:38:32","slug":"vorschriften","status":"publish","type":"page","link":"https:\/\/fettabscheider.tech\/en\/vorschriften\/","title":{"rendered":"Regulations"},"content":{"rendered":"<h4 class=\"wp-block-heading\"><strong>Grease separators are required for catering establishments<\/strong><\/h4><p class=\"translation-block\">Wherever fats and oils end up in wastewater during operational processes, grease separators are required by law (DIN EN 1825, DIN 4040-100). This particularly affects gastronomy, communal catering and food businesses. The grease separator's job is to separate oils and fats from the wastewater. If these get into the sewage system, they can lead to deposits and blockages. In addition, the decomposition of fats creates aggressive acids that attack the sewer pipes.<\/p><p>The following are therefore required to install a separator: restaurants and other catering establishments with their own kitchens, commercial kitchens of all kinds, canteens, snack bars, bakeries, pastry shops, butcher shops and food establishments.<\/p><h4 class=\"wp-block-heading\"><strong>Our grease separators in relation to legal regulations<\/strong><\/h4><p>Mit den Fettabscheidern BAGT\u00ae k\u00f6nnen Gastronomiebetriebe die gesetzlichen Abwasservorschriften einhalten. Unsere Fettabscheider sind <strong>an die gesetzlichen Vorschriften angepasst und bieten Schutz f\u00fcr das Abwassersystem <\/strong>und die Abwasseraufbereitungsanlagen. Der BAGT 200N\u00ae erf\u00fcllt DIN EN 1825 (Nenngr\u00f6\u00dfe 1) bez\u00fcglich Fettabscheider und ihre Abfl\u00fcsse.<\/p><p>Our grease separators are used in all catering establishments that want to collect cooking oils and fats from wastewater. The separators are compatible with sinks, dishwashers, combi steamers, steam ovens, double sinks, preparation sinks, grills...<\/p><h4 class=\"wp-block-heading\"><strong>A sensible solution for the environment and the circular economy<\/strong><\/h4><p>Die aufgefangenen \u00d6le und Fette k\u00f6nnen in einem Fass gelagert werden, bevor sie an einen Fachbetrieb abgegeben werden. Sie lassen sich dann recyceln und k\u00f6nnen als Rohstoff f\u00fcr die Herstellung z.B. von Biodiesel verwendet werden. Das \u00f6l- und fettfreie Abwasser aus dem Fettabscheider flie\u00dft dann schlie\u00dflich in die \u00f6ffentliche Kanalisation. Unsere Abscheider leisten somit einen <strong>Beitrag zur nachhaltigen energetischen Verwertung von Abf\u00e4llen <\/strong>und sind Teil der<strong> Kreislaufwirtschaft<\/strong>.<\/p><p>Die Fettabscheider BAGT\u00ae sind <strong>environmentally friendly<\/strong>: sie ben\u00f6tigen <strong>keinen Strom<\/strong>, haben <strong>5 year guarantee<\/strong> und verf\u00fcgen \u00fcber eine <strong>hohe Qualit\u00e4t und Langlebigkeit<\/strong>. Sie sind alle mit dem LONGTIME\u00ae Label zertifiziert, das f\u00fcr Produkte mit langer Lebensdauer von der \u00d6ko-Kontrollstelle Ecocert vergeben wird.<\/p><p>In several countries and regions, government funding is made available, particularly for ecological investments. For possible subsidies, please contact the responsible authorities at your respective location.<\/p>","protected":false},"excerpt":{"rendered":"<p>Fettabscheider sind f\u00fcr Gastronomiebetriebe vorgeschrieben \u00dcberall dort, wo bei betrieblichen Abl\u00e4ufen Fette und \u00d6le ins Abwasser gelangen, sind Fettabscheider gesetzlich vorgeschrieben (DIN EN 1825, DIN 4040-100). Das betrifft vor allem die Gastronomie, die Gemeinschaftsverpflegung und die Lebensmittelbetriebe. Der Fettabscheider hat die Aufgabe, \u00d6le und Fette aus dem Abwasser abzuscheiden. Denn gelangen diese in die Kanalisation, [&hellip;]<\/p>","protected":false},"author":2,"featured_media":0,"parent":0,"menu_order":0,"comment_status":"closed","ping_status":"closed","template":"","meta":{"_acf_changed":false,"footnotes":""},"class_list":["post-202","page","type-page","status-publish","hentry","entry","owp-thumbs-layout-horizontal","owp-btn-normal","owp-tabs-layout-horizontal","has-no-thumbnails","has-product-nav"],"acf":[],"yoast_head":"<!-- This site is optimized with the Yoast SEO plugin v25.0 - https:\/\/yoast.com\/wordpress\/plugins\/seo\/ -->\n<title>Vorschriften - Development Durable<\/title>\n<meta name=\"robots\" content=\"index, follow, max-snippet:-1, max-image-preview:large, max-video-preview:-1\" \/>\n<link rel=\"canonical\" href=\"https:\/\/fettabscheider.tech\/en\/vorschriften\/\" \/>\n<meta property=\"og:locale\" content=\"en_US\" \/>\n<meta property=\"og:type\" content=\"article\" \/>\n<meta property=\"og:title\" content=\"Vorschriften - Development Durable\" \/>\n<meta property=\"og:description\" content=\"Fettabscheider sind f\u00fcr Gastronomiebetriebe vorgeschrieben \u00dcberall dort, wo bei betrieblichen Abl\u00e4ufen Fette und \u00d6le ins Abwasser gelangen, sind Fettabscheider gesetzlich vorgeschrieben (DIN EN 1825, DIN 4040-100). Das betrifft vor allem die Gastronomie, die Gemeinschaftsverpflegung und die Lebensmittelbetriebe. Der Fettabscheider hat die Aufgabe, \u00d6le und Fette aus dem Abwasser abzuscheiden. Denn gelangen diese in die Kanalisation, [&hellip;]\" \/>\n<meta property=\"og:url\" content=\"https:\/\/fettabscheider.tech\/en\/vorschriften\/\" \/>\n<meta property=\"og:site_name\" content=\"Development Durable\" \/>\n<meta property=\"article:modified_time\" content=\"2024-12-05T23:38:32+00:00\" \/>\n<meta name=\"twitter:card\" content=\"summary_large_image\" \/>\n<meta name=\"twitter:label1\" content=\"Est. reading time\" \/>\n\t<meta name=\"twitter:data1\" content=\"2 minutes\" \/>\n<script type=\"application\/ld+json\" class=\"yoast-schema-graph\">{\"@context\":\"https:\/\/schema.org\",\"@graph\":[{\"@type\":\"WebPage\",\"@id\":\"https:\/\/fettabscheider.tech\/vorschriften\/\",\"url\":\"https:\/\/fettabscheider.tech\/vorschriften\/\",\"name\":\"Vorschriften - Development Durable\",\"isPartOf\":{\"@id\":\"https:\/\/fettabscheider.tech\/#website\"},\"datePublished\":\"2024-02-16T07:35:03+00:00\",\"dateModified\":\"2024-12-05T23:38:32+00:00\",\"breadcrumb\":{\"@id\":\"https:\/\/fettabscheider.tech\/vorschriften\/#breadcrumb\"},\"inLanguage\":\"en-US\",\"potentialAction\":[{\"@type\":\"ReadAction\",\"target\":[\"https:\/\/fettabscheider.tech\/vorschriften\/\"]}]},{\"@type\":\"BreadcrumbList\",\"@id\":\"https:\/\/fettabscheider.tech\/vorschriften\/#breadcrumb\",\"itemListElement\":[{\"@type\":\"ListItem\",\"position\":1,\"name\":\"Home\",\"item\":\"https:\/\/fettabscheider.tech\/\"},{\"@type\":\"ListItem\",\"position\":2,\"name\":\"Vorschriften\"}]},{\"@type\":\"WebSite\",\"@id\":\"https:\/\/fettabscheider.tech\/#website\",\"url\":\"https:\/\/fettabscheider.tech\/\",\"name\":\"Development Durable\",\"description\":\"\",\"potentialAction\":[{\"@type\":\"SearchAction\",\"target\":{\"@type\":\"EntryPoint\",\"urlTemplate\":\"https:\/\/fettabscheider.tech\/?s={search_term_string}\"},\"query-input\":{\"@type\":\"PropertyValueSpecification\",\"valueRequired\":true,\"valueName\":\"search_term_string\"}}],\"inLanguage\":\"en-US\"}]}<\/script>\n<!-- \/ Yoast SEO plugin. -->","yoast_head_json":{"title":"Vorschriften - Development Durable","robots":{"index":"index","follow":"follow","max-snippet":"max-snippet:-1","max-image-preview":"max-image-preview:large","max-video-preview":"max-video-preview:-1"},"canonical":"https:\/\/fettabscheider.tech\/en\/vorschriften\/","og_locale":"en_US","og_type":"article","og_title":"Vorschriften - Development Durable","og_description":"Fettabscheider sind f\u00fcr Gastronomiebetriebe vorgeschrieben \u00dcberall dort, wo bei betrieblichen Abl\u00e4ufen Fette und \u00d6le ins Abwasser gelangen, sind Fettabscheider gesetzlich vorgeschrieben (DIN EN 1825, DIN 4040-100). Das betrifft vor allem die Gastronomie, die Gemeinschaftsverpflegung und die Lebensmittelbetriebe. Der Fettabscheider hat die Aufgabe, \u00d6le und Fette aus dem Abwasser abzuscheiden. Denn gelangen diese in die Kanalisation, [&hellip;]","og_url":"https:\/\/fettabscheider.tech\/en\/vorschriften\/","og_site_name":"Development Durable","article_modified_time":"2024-12-05T23:38:32+00:00","twitter_card":"summary_large_image","twitter_misc":{"Est. reading time":"2 minutes"},"schema":{"@context":"https:\/\/schema.org","@graph":[{"@type":"WebPage","@id":"https:\/\/fettabscheider.tech\/vorschriften\/","url":"https:\/\/fettabscheider.tech\/vorschriften\/","name":"Vorschriften - Development Durable","isPartOf":{"@id":"https:\/\/fettabscheider.tech\/#website"},"datePublished":"2024-02-16T07:35:03+00:00","dateModified":"2024-12-05T23:38:32+00:00","breadcrumb":{"@id":"https:\/\/fettabscheider.tech\/vorschriften\/#breadcrumb"},"inLanguage":"en-US","potentialAction":[{"@type":"ReadAction","target":["https:\/\/fettabscheider.tech\/vorschriften\/"]}]},{"@type":"BreadcrumbList","@id":"https:\/\/fettabscheider.tech\/vorschriften\/#breadcrumb","itemListElement":[{"@type":"ListItem","position":1,"name":"Home","item":"https:\/\/fettabscheider.tech\/"},{"@type":"ListItem","position":2,"name":"Vorschriften"}]},{"@type":"WebSite","@id":"https:\/\/fettabscheider.tech\/#website","url":"https:\/\/fettabscheider.tech\/","name":"Development Durable","description":"","potentialAction":[{"@type":"SearchAction","target":{"@type":"EntryPoint","urlTemplate":"https:\/\/fettabscheider.tech\/?s={search_term_string}"},"query-input":{"@type":"PropertyValueSpecification","valueRequired":true,"valueName":"search_term_string"}}],"inLanguage":"en-US"}]}},"_links":{"self":[{"href":"https:\/\/fettabscheider.tech\/en\/wp-json\/wp\/v2\/pages\/202","targetHints":{"allow":["GET"]}}],"collection":[{"href":"https:\/\/fettabscheider.tech\/en\/wp-json\/wp\/v2\/pages"}],"about":[{"href":"https:\/\/fettabscheider.tech\/en\/wp-json\/wp\/v2\/types\/page"}],"author":[{"embeddable":true,"href":"https:\/\/fettabscheider.tech\/en\/wp-json\/wp\/v2\/users\/2"}],"replies":[{"embeddable":true,"href":"https:\/\/fettabscheider.tech\/en\/wp-json\/wp\/v2\/comments?post=202"}],"version-history":[{"count":9,"href":"https:\/\/fettabscheider.tech\/en\/wp-json\/wp\/v2\/pages\/202\/revisions"}],"predecessor-version":[{"id":824,"href":"https:\/\/fettabscheider.tech\/en\/wp-json\/wp\/v2\/pages\/202\/revisions\/824"}],"wp:attachment":[{"href":"https:\/\/fettabscheider.tech\/en\/wp-json\/wp\/v2\/media?parent=202"}],"curies":[{"name":"wp","href":"https:\/\/api.w.org\/{rel}","templated":true}]}}