{"id":116,"date":"2024-02-01T05:52:55","date_gmt":"2024-02-01T05:52:55","guid":{"rendered":"https:\/\/fettabscheider.tech\/?page_id=116"},"modified":"2024-12-05T23:03:43","modified_gmt":"2024-12-05T23:03:43","slug":"ueber-uns","status":"publish","type":"page","link":"https:\/\/fettabscheider.tech\/en\/ueber-uns\/","title":{"rendered":"About us"},"content":{"rendered":"<p><strong>Sarl Durable Development<\/strong> ist ein franz\u00f6sisches Unternehmen, das 2004 gegr\u00fcndet wurde und sich auf <strong>das<\/strong> <strong>Recycling und die<\/strong> <strong>Verwertung von fetthaltigen Abf\u00e4llen<\/strong> <strong>f\u00fcr die Gastronomie und die Lebensmittelbranche<\/strong> spezialisiert hat. Unsere urspr\u00fcngliche Idee bestand darin, fetthaltige Abf\u00e4lle in Form von Brennstoffen in einem kurzen Kreislauf zu verwerten, anstatt Energie f\u00fcr den Abbau dieser Abfallprodukte in Kl\u00e4ranlagen aufzuwenden.<\/p><p class=\"translation-block\">Our expertise in process engineering has led us to develop in two directions: the <strong>saving of frying oil<\/strong> (with our partner Miroil) and the <strong>recycling of fatty waste<\/strong> through our BAGT grease separators and our VEGX200 process.<\/p><p>Unser Unternehmen bietet Fettabscheider f\u00fcr die meisten Restaurants und andere Gastronomie- und Lebensmittelbetriebe. Seit 2010 haben wir<strong> mehr als 4000 Fettabscheider verkauft, <\/strong>die in mehreren europ\u00e4ischen L\u00e4ndern in Betrieb sind.<\/p><p class=\"translation-block\">We named the company Sarl D\u00e9veloppement Durable, i.e. \u201c<strong>sustainable development<\/strong>\u201d, because we act on the entire life cycle of oils and fats thanks to an optimized use of edible oils and fats.<\/p>","protected":false},"excerpt":{"rendered":"<p>Sarl D\u00e9veloppement Durable ist ein franz\u00f6sisches Unternehmen, das 2004 gegr\u00fcndet wurde und sich auf das Recycling und die Verwertung von fetthaltigen Abf\u00e4llen f\u00fcr die Gastronomie und die Lebensmittelbranche spezialisiert hat. Unsere urspr\u00fcngliche Idee bestand darin, fetthaltige Abf\u00e4lle in Form von Brennstoffen in einem kurzen Kreislauf zu verwerten, anstatt Energie f\u00fcr den Abbau dieser Abfallprodukte in [&hellip;]<\/p>","protected":false},"author":2,"featured_media":555,"parent":0,"menu_order":0,"comment_status":"closed","ping_status":"closed","template":"templates\/about.php","meta":{"_acf_changed":false,"footnotes":""},"class_list":["post-116","page","type-page","status-publish","has-post-thumbnail","hentry","entry","has-media","owp-thumbs-layout-horizontal","owp-btn-normal","owp-tabs-layout-horizontal","has-no-thumbnails","has-product-nav"],"acf":[],"yoast_head":"<!-- This site is optimized with the Yoast SEO plugin v25.0 - https:\/\/yoast.com\/wordpress\/plugins\/seo\/ -->\n<title>\u00dcber uns - Development Durable<\/title>\n<meta name=\"robots\" content=\"index, follow, max-snippet:-1, max-image-preview:large, max-video-preview:-1\" \/>\n<link rel=\"canonical\" href=\"https:\/\/fettabscheider.tech\/en\/ueber-uns\/\" \/>\n<meta property=\"og:locale\" content=\"en_US\" \/>\n<meta property=\"og:type\" content=\"article\" \/>\n<meta property=\"og:title\" content=\"\u00dcber uns - Development Durable\" \/>\n<meta property=\"og:description\" content=\"Sarl D\u00e9veloppement Durable ist ein franz\u00f6sisches Unternehmen, das 2004 gegr\u00fcndet wurde und sich auf das Recycling und die Verwertung von fetthaltigen Abf\u00e4llen f\u00fcr die Gastronomie und die Lebensmittelbranche spezialisiert hat. Unsere urspr\u00fcngliche Idee bestand darin, fetthaltige Abf\u00e4lle in Form von Brennstoffen in einem kurzen Kreislauf zu verwerten, anstatt Energie f\u00fcr den Abbau dieser Abfallprodukte in [&hellip;]\" \/>\n<meta property=\"og:url\" content=\"https:\/\/fettabscheider.tech\/en\/ueber-uns\/\" \/>\n<meta property=\"og:site_name\" content=\"Development Durable\" \/>\n<meta property=\"article:modified_time\" content=\"2024-12-05T23:03:43+00:00\" \/>\n<meta property=\"og:image\" content=\"https:\/\/fettabscheider.tech\/wp-content\/uploads\/2024\/05\/image001-1.png\" \/>\n\t<meta property=\"og:image:width\" content=\"742\" \/>\n\t<meta property=\"og:image:height\" content=\"606\" \/>\n\t<meta property=\"og:image:type\" content=\"image\/png\" \/>\n<meta name=\"twitter:card\" content=\"summary_large_image\" \/>\n<meta name=\"twitter:label1\" content=\"Est. reading time\" \/>\n\t<meta name=\"twitter:data1\" content=\"1 minute\" \/>\n<script type=\"application\/ld+json\" class=\"yoast-schema-graph\">{\"@context\":\"https:\/\/schema.org\",\"@graph\":[{\"@type\":\"WebPage\",\"@id\":\"https:\/\/fettabscheider.tech\/ueber-uns\/\",\"url\":\"https:\/\/fettabscheider.tech\/ueber-uns\/\",\"name\":\"\u00dcber uns - Development Durable\",\"isPartOf\":{\"@id\":\"https:\/\/fettabscheider.tech\/#website\"},\"primaryImageOfPage\":{\"@id\":\"https:\/\/fettabscheider.tech\/ueber-uns\/#primaryimage\"},\"image\":{\"@id\":\"https:\/\/fettabscheider.tech\/ueber-uns\/#primaryimage\"},\"thumbnailUrl\":\"https:\/\/fettabscheider.tech\/wp-content\/uploads\/2024\/05\/image001-1.png\",\"datePublished\":\"2024-02-01T05:52:55+00:00\",\"dateModified\":\"2024-12-05T23:03:43+00:00\",\"breadcrumb\":{\"@id\":\"https:\/\/fettabscheider.tech\/ueber-uns\/#breadcrumb\"},\"inLanguage\":\"en-US\",\"potentialAction\":[{\"@type\":\"ReadAction\",\"target\":[\"https:\/\/fettabscheider.tech\/ueber-uns\/\"]}]},{\"@type\":\"ImageObject\",\"inLanguage\":\"en-US\",\"@id\":\"https:\/\/fettabscheider.tech\/ueber-uns\/#primaryimage\",\"url\":\"https:\/\/fettabscheider.tech\/wp-content\/uploads\/2024\/05\/image001-1.png\",\"contentUrl\":\"https:\/\/fettabscheider.tech\/wp-content\/uploads\/2024\/05\/image001-1.png\",\"width\":742,\"height\":606},{\"@type\":\"BreadcrumbList\",\"@id\":\"https:\/\/fettabscheider.tech\/ueber-uns\/#breadcrumb\",\"itemListElement\":[{\"@type\":\"ListItem\",\"position\":1,\"name\":\"Home\",\"item\":\"https:\/\/fettabscheider.tech\/\"},{\"@type\":\"ListItem\",\"position\":2,\"name\":\"\u00dcber uns\"}]},{\"@type\":\"WebSite\",\"@id\":\"https:\/\/fettabscheider.tech\/#website\",\"url\":\"https:\/\/fettabscheider.tech\/\",\"name\":\"Development Durable\",\"description\":\"\",\"potentialAction\":[{\"@type\":\"SearchAction\",\"target\":{\"@type\":\"EntryPoint\",\"urlTemplate\":\"https:\/\/fettabscheider.tech\/?s={search_term_string}\"},\"query-input\":{\"@type\":\"PropertyValueSpecification\",\"valueRequired\":true,\"valueName\":\"search_term_string\"}}],\"inLanguage\":\"en-US\"}]}<\/script>\n<!-- \/ Yoast SEO plugin. -->","yoast_head_json":{"title":"\u00dcber uns - Development Durable","robots":{"index":"index","follow":"follow","max-snippet":"max-snippet:-1","max-image-preview":"max-image-preview:large","max-video-preview":"max-video-preview:-1"},"canonical":"https:\/\/fettabscheider.tech\/en\/ueber-uns\/","og_locale":"en_US","og_type":"article","og_title":"\u00dcber uns - Development Durable","og_description":"Sarl D\u00e9veloppement Durable ist ein franz\u00f6sisches Unternehmen, das 2004 gegr\u00fcndet wurde und sich auf das Recycling und die Verwertung von fetthaltigen Abf\u00e4llen f\u00fcr die Gastronomie und die Lebensmittelbranche spezialisiert hat. Unsere urspr\u00fcngliche Idee bestand darin, fetthaltige Abf\u00e4lle in Form von Brennstoffen in einem kurzen Kreislauf zu verwerten, anstatt Energie f\u00fcr den Abbau dieser Abfallprodukte in [&hellip;]","og_url":"https:\/\/fettabscheider.tech\/en\/ueber-uns\/","og_site_name":"Development Durable","article_modified_time":"2024-12-05T23:03:43+00:00","og_image":[{"width":742,"height":606,"url":"https:\/\/fettabscheider.tech\/wp-content\/uploads\/2024\/05\/image001-1.png","type":"image\/png"}],"twitter_card":"summary_large_image","twitter_misc":{"Est. reading time":"1 minute"},"schema":{"@context":"https:\/\/schema.org","@graph":[{"@type":"WebPage","@id":"https:\/\/fettabscheider.tech\/ueber-uns\/","url":"https:\/\/fettabscheider.tech\/ueber-uns\/","name":"\u00dcber uns - Development Durable","isPartOf":{"@id":"https:\/\/fettabscheider.tech\/#website"},"primaryImageOfPage":{"@id":"https:\/\/fettabscheider.tech\/ueber-uns\/#primaryimage"},"image":{"@id":"https:\/\/fettabscheider.tech\/ueber-uns\/#primaryimage"},"thumbnailUrl":"https:\/\/fettabscheider.tech\/wp-content\/uploads\/2024\/05\/image001-1.png","datePublished":"2024-02-01T05:52:55+00:00","dateModified":"2024-12-05T23:03:43+00:00","breadcrumb":{"@id":"https:\/\/fettabscheider.tech\/ueber-uns\/#breadcrumb"},"inLanguage":"en-US","potentialAction":[{"@type":"ReadAction","target":["https:\/\/fettabscheider.tech\/ueber-uns\/"]}]},{"@type":"ImageObject","inLanguage":"en-US","@id":"https:\/\/fettabscheider.tech\/ueber-uns\/#primaryimage","url":"https:\/\/fettabscheider.tech\/wp-content\/uploads\/2024\/05\/image001-1.png","contentUrl":"https:\/\/fettabscheider.tech\/wp-content\/uploads\/2024\/05\/image001-1.png","width":742,"height":606},{"@type":"BreadcrumbList","@id":"https:\/\/fettabscheider.tech\/ueber-uns\/#breadcrumb","itemListElement":[{"@type":"ListItem","position":1,"name":"Home","item":"https:\/\/fettabscheider.tech\/"},{"@type":"ListItem","position":2,"name":"\u00dcber uns"}]},{"@type":"WebSite","@id":"https:\/\/fettabscheider.tech\/#website","url":"https:\/\/fettabscheider.tech\/","name":"Development Durable","description":"","potentialAction":[{"@type":"SearchAction","target":{"@type":"EntryPoint","urlTemplate":"https:\/\/fettabscheider.tech\/?s={search_term_string}"},"query-input":{"@type":"PropertyValueSpecification","valueRequired":true,"valueName":"search_term_string"}}],"inLanguage":"en-US"}]}},"_links":{"self":[{"href":"https:\/\/fettabscheider.tech\/en\/wp-json\/wp\/v2\/pages\/116","targetHints":{"allow":["GET"]}}],"collection":[{"href":"https:\/\/fettabscheider.tech\/en\/wp-json\/wp\/v2\/pages"}],"about":[{"href":"https:\/\/fettabscheider.tech\/en\/wp-json\/wp\/v2\/types\/page"}],"author":[{"embeddable":true,"href":"https:\/\/fettabscheider.tech\/en\/wp-json\/wp\/v2\/users\/2"}],"replies":[{"embeddable":true,"href":"https:\/\/fettabscheider.tech\/en\/wp-json\/wp\/v2\/comments?post=116"}],"version-history":[{"count":16,"href":"https:\/\/fettabscheider.tech\/en\/wp-json\/wp\/v2\/pages\/116\/revisions"}],"predecessor-version":[{"id":815,"href":"https:\/\/fettabscheider.tech\/en\/wp-json\/wp\/v2\/pages\/116\/revisions\/815"}],"wp:featuredmedia":[{"embeddable":true,"href":"https:\/\/fettabscheider.tech\/en\/wp-json\/wp\/v2\/media\/555"}],"wp:attachment":[{"href":"https:\/\/fettabscheider.tech\/en\/wp-json\/wp\/v2\/media?parent=116"}],"curies":[{"name":"wp","href":"https:\/\/api.w.org\/{rel}","templated":true}]}}